{"id":286,"date":"2016-10-31T13:17:59","date_gmt":"2016-10-31T16:17:59","guid":{"rendered":"https:\/\/ens9002-mza.infd.edu.ar\/sitio\/?page_id=286"},"modified":"2025-12-02T16:19:46","modified_gmt":"2025-12-02T19:19:46","slug":"inicio","status":"publish","type":"page","link":"https:\/\/ens9002-infd.mendoza.edu.ar\/sitio\/","title":{"rendered":"Inicio"},"content":{"rendered":"<p><a href=\"https:\/\/ens9002-infd.mendoza.edu.ar\/sitio\/home-nuevo\/\"><img decoding=\"async\" loading=\"lazy\" class=\"aligncenter wp-image-18893 \" src=\"https:\/\/ens9002-infd.mendoza.edu.ar\/sitio\/wp-content\/uploads\/2025\/08\/Captura-de-pantalla-2025-08-13-a-las-1.27.19\u202fp.\u202fm.png\" alt=\"\" width=\"1120\" height=\"677\" srcset=\"https:\/\/ens9002-infd.mendoza.edu.ar\/sitio\/wp-content\/uploads\/2025\/08\/Captura-de-pantalla-2025-08-13-a-las-1.27.19\u202fp.\u202fm.png 914w, https:\/\/ens9002-infd.mendoza.edu.ar\/sitio\/wp-content\/uploads\/2025\/08\/Captura-de-pantalla-2025-08-13-a-las-1.27.19\u202fp.\u202fm-768x464.png 768w\" sizes=\"(max-width: 1120px) 100vw, 1120px\" \/><\/a><\/p>\n<p style=\"text-align: center;\" data-start=\"26\" data-end=\"139\"><strong data-start=\"26\" data-end=\"72\">\u00a1Bienvenidos y bienvenidas al IES 9002 Tom\u00e1s Godoy Cruz!<\/strong><br data-start=\"72\" data-end=\"75\" \/>Formamos profesionales con excelencia. Ingres\u00e1 y conoc\u00e9 m\u00e1s.<\/p>\n<p style=\"text-align: center;\" data-start=\"141\" data-end=\"189\"><a href=\"https:\/\/ens9002-infd.mendoza.edu.ar\/sitio\/home-nuevo\/\"><img decoding=\"async\" loading=\"lazy\" class=\"aligncenter wp-image-18890\" src=\"https:\/\/ens9002-infd.mendoza.edu.ar\/sitio\/wp-content\/uploads\/2025\/08\/Captura-de-pantalla-2025-08-13-a-las-1.14.22\u202fp.\u202fm.png\" alt=\"\" width=\"325\" height=\"94\" srcset=\"https:\/\/ens9002-infd.mendoza.edu.ar\/sitio\/wp-content\/uploads\/2025\/08\/Captura-de-pantalla-2025-08-13-a-las-1.14.22\u202fp.\u202fm.png 816w, https:\/\/ens9002-infd.mendoza.edu.ar\/sitio\/wp-content\/uploads\/2025\/08\/Captura-de-pantalla-2025-08-13-a-las-1.14.22\u202fp.\u202fm-768x222.png 768w\" sizes=\"(max-width: 325px) 100vw, 325px\" \/><\/a><\/p>\n","protected":false},"excerpt":{"rendered":"<p>\u00a1Bienvenidos y bienvenidas al IES 9002 Tom\u00e1s Godoy Cruz!Formamos profesionales con excelencia. Ingres\u00e1 y conoc\u00e9 m\u00e1s.<\/p>\n","protected":false},"author":4776,"featured_media":0,"parent":0,"menu_order":0,"comment_status":"closed","ping_status":"closed","template":"","meta":[],"acf":[],"_links":{"self":[{"href":"https:\/\/ens9002-infd.mendoza.edu.ar\/sitio\/wp-json\/wp\/v2\/pages\/286"}],"collection":[{"href":"https:\/\/ens9002-infd.mendoza.edu.ar\/sitio\/wp-json\/wp\/v2\/pages"}],"about":[{"href":"https:\/\/ens9002-infd.mendoza.edu.ar\/sitio\/wp-json\/wp\/v2\/types\/page"}],"author":[{"embeddable":true,"href":"https:\/\/ens9002-infd.mendoza.edu.ar\/sitio\/wp-json\/wp\/v2\/users\/4776"}],"replies":[{"embeddable":true,"href":"https:\/\/ens9002-infd.mendoza.edu.ar\/sitio\/wp-json\/wp\/v2\/comments?post=286"}],"version-history":[{"count":2705,"href":"https:\/\/ens9002-infd.mendoza.edu.ar\/sitio\/wp-json\/wp\/v2\/pages\/286\/revisions"}],"predecessor-version":[{"id":19832,"href":"https:\/\/ens9002-infd.mendoza.edu.ar\/sitio\/wp-json\/wp\/v2\/pages\/286\/revisions\/19832"}],"wp:attachment":[{"href":"https:\/\/ens9002-infd.mendoza.edu.ar\/sitio\/wp-json\/wp\/v2\/media?parent=286"}],"curies":[{"name":"wp","href":"https:\/\/api.w.org\/{rel}","templated":true}]}}