{"id":3035,"date":"2019-03-14T11:29:27","date_gmt":"2019-03-14T14:29:27","guid":{"rendered":"https:\/\/ens9002-mza.infd.edu.ar\/sitio\/?page_id=3035"},"modified":"2025-09-05T21:22:32","modified_gmt":"2025-09-06T00:22:32","slug":"prof-en-educacion-especial","status":"publish","type":"page","link":"https:\/\/ens9002-infd.mendoza.edu.ar\/sitio\/carreras\/prof-en-educacion-especial\/","title":{"rendered":"Profesorado de Educaci\u00f3n Especial"},"content":{"rendered":"\n<figure class=\"wp-block-image size-full\"><img decoding=\"async\" loading=\"lazy\" width=\"1101\" height=\"201\" src=\"https:\/\/ens9002-infd.mendoza.edu.ar\/sitio\/wp-content\/uploads\/2020\/08\/1-06.png\" alt=\"\" class=\"wp-image-5416\" srcset=\"https:\/\/ens9002-infd.mendoza.edu.ar\/sitio\/wp-content\/uploads\/2020\/08\/1-06.png 1101w, https:\/\/ens9002-infd.mendoza.edu.ar\/sitio\/wp-content\/uploads\/2020\/08\/1-06-1000x183.png 1000w, https:\/\/ens9002-infd.mendoza.edu.ar\/sitio\/wp-content\/uploads\/2020\/08\/1-06-768x140.png 768w, https:\/\/ens9002-infd.mendoza.edu.ar\/sitio\/wp-content\/uploads\/2020\/08\/1-06-1100x200.png 1100w, https:\/\/ens9002-infd.mendoza.edu.ar\/sitio\/wp-content\/uploads\/2020\/08\/1-06-620x114.png 620w, https:\/\/ens9002-infd.mendoza.edu.ar\/sitio\/wp-content\/uploads\/2020\/08\/1-06-400x73.png 400w, https:\/\/ens9002-infd.mendoza.edu.ar\/sitio\/wp-content\/uploads\/2020\/08\/1-06-1089x200.png 1089w\" sizes=\"(max-width: 1101px) 100vw, 1101px\" \/><\/figure>\n\n\n\n<p class=\"has-text-align-center\"><span style=\"color: #000000;\">COORDINADORA:<strong> Prof. GABRIELA SEGURA &#8211; <\/strong>CONTACTO:<strong> gsegura@mendoza.edu.ar <\/strong><\/span><\/p>\n\n\n\n<h3 class=\"wp-block-heading\">&nbsp;<\/h3>\n\n\n\n<p class=\"has-text-align-center has-medium-font-size\">T\u00edtulo a otorgar:<\/p>\n\n\n\n<p class=\"has-text-align-center has-large-font-size\"><strong>PROFESOR\/A DE EDUCACION ESPECIAL con orientaci\u00f3n en discapacidad intelectual <\/strong><\/p>\n\n\n\n<p class=\"has-text-align-center has-large-font-size\">no universitario con validez nacional<\/p>\n\n\n\n<p class=\"has-text-align-center has-medium-font-size\">Duraci\u00f3n: 4 a\u00f1os &#8211; Vespertino<\/p>\n\n\n\n<p class=\"has-text-align-center has-medium-font-size\">Carga horaria: 2891 horas reloj (4336 horas c\u00e1tedra)<\/p>\n\n\n\n<p class=\"has-text-align-center has-medium-font-size\">Resoluci\u00f3n: 0653 DGE 2011 &#8211; <a rel=\"noreferrer noopener\" href=\"https:\/\/ens9002-infd.mendoza.edu.ar\/sitio\/wp-content\/uploads\/2023\/09\/bbd986_653-ABRIL_compressed.pdf\" data-type=\"URL\" data-id=\"https:\/\/ens9002-infd.mendoza.edu.ar\/sitio\/wp-content\/uploads\/2023\/09\/bbd986_653-ABRIL_compressed.pdf\" target=\"_blank\">clic aqu\u00ed<\/a> para acceder<\/p>\n\n\n\n<p class=\"has-text-align-center\"><a href=\"https:\/\/drive.google.com\/drive\/folders\/1tCTar0MANUMirTKdkCGMuivOd6rH744F\" target=\"_blank\" rel=\"noreferrer noopener\">RESOL-2023-6866-E-GDEMZA-DGE<\/a><\/p>\n\n\n\n<p class=\"has-text-align-center has-contrast-color has-text-color\"><span style=\"color: #000000;\"><a href=\"http:\/\/ens9002-infd.mendoza.edu.ar\/sitio\/wp-content\/uploads\/2019\/03\/DISEN_O_EDUCACION_ESPECIAL_VERSION_FINAL.pdf\"><strong> DISE\u00d1O CURRICULAR<\/strong><\/a><\/span><strong><a href=\"http:\/\/ens9002-infd.mendoza.edu.ar\/sitio\/wp-content\/uploads\/2019\/03\/DISEN_O_EDUCACION_ESPECIAL_VERSION_FINAL.pdf\"> 2011<\/a><\/strong><\/p>\n\n\n\n<p class=\"has-text-align-center has-accent-color has-text-color\"><a href=\"http:\/\/ens9002-infd.mendoza.edu.ar\/sitio\/wp-content\/uploads\/2024\/02\/ANEXO-Profesorado-de-Educacion-Especial-con-Orientacion-en-Discapacidad-Intelectual.pdf\"><strong><em>ACCEDE AQUI AL<\/em><\/strong> <strong>NUEVO DISE\u00d1O CURRICULAR<\/strong> <strong>2024<\/strong><\/a><i> \u2013 SE APLICAR\u00c1 DESDE 2024<\/i><\/p>\n\n\n\n<p><\/p>\n\n\n\n<figure class=\"wp-block-table\"><table class=\"has-accent-color has-text-color\"><tbody><tr><td> <strong><a href=\"https:\/\/ens9002-infd.mendoza.edu.ar\/sitio\/wp-content\/uploads\/2025\/04\/Captura-de-pantalla-2025-04-15-a-las-10.36.12\u202fa.-m.png\">PLAN DE ESTUDIO PARA ESTUDIANTES QUE INGRESARON EN 2024<\/a><\/strong><br><br><p style=\"margin: 0 0 3px; font-size: 1.125rem; line-height: 1.5rem; font-weight: bold; color: #585858;\"><a rel=\"noopener\" href=\"https:\/\/ens9002-infd.mendoza.edu.ar\/sitio\/plan-de-estudios-4\/\" target=\"_blank\">Plan de Estudios<\/a><\/p><span style=\"font-family: inherit; font-size: inherit;\"> <\/span><span style=\"font-family: inherit; font-size: inherit;\">para estudiantes que ingresaron antes de 2024    <\/span> <\/td><td>&nbsp;<\/td><td>\n<p style=\"margin: 0 0 3px; font-size: 1.125rem; line-height: 1.5rem; font-weight: bold; color: #585858;\"><a href=\"https:\/\/ens9002-infd.mendoza.edu.ar\/sitio\/perfil-del-estudiante-de-educacion-especial\/\" target=\"_blank\" rel=\"noopener\">Perfil del Egresado y la Egresada<\/a><\/p>\n<p style=\"margin: 10px 0 0;\"><span style=\"width: auto; height: 5px; background-color: #1033ce; display: inline-block;\">&nbsp;&nbsp;&nbsp;&nbsp;<\/span><\/p>\n<p style=\"margin: 4px 0 10px; font-size: 0.938rem; line-height: 1.125rem; color: #868686;\">Capacidades a adquirir por el futuro y la futura docente<\/p>\n<\/td><\/tr><\/tbody><\/table><\/figure>\n\n\n\n<p class=\"has-text-align-center has-large-font-size\"><strong>\u00a1Conoc\u00e9 <a href=\"https:\/\/drive.google.com\/file\/d\/1gF5KMr-2zsiiUtBcQe13k7SIbCCebD4n\/view?ts=671fe3cb\" data-type=\"URL\" data-id=\"https:\/\/drive.google.com\/file\/d\/1gF5KMr-2zsiiUtBcQe13k7SIbCCebD4n\/view?ts=671fe3cb\" target=\"_blank\" rel=\"noreferrer noopener\">desde aqu\u00ed<\/a> c\u00f3mo es nuestra carrera!<\/strong><\/p>\n\n\n<div class=\"wp-block-image\">\n<figure class=\"aligncenter\"><a href=\"https:\/\/ens9002-infd.mendoza.edu.ar\/sitio\/\"><img decoding=\"async\" loading=\"lazy\" width=\"80\" height=\"80\" src=\"https:\/\/ens9002-infd.mendoza.edu.ar\/sitio\/wp-content\/uploads\/2020\/07\/volver-e1596227399907.png\" alt=\"\" class=\"wp-image-5025\"\/><\/a><\/figure><\/div>","protected":false},"excerpt":{"rendered":"<p>COORDINADORA: Prof. GABRIELA SEGURA &#8211; CONTACTO: gsegura@mendoza.edu.ar &nbsp; T\u00edtulo a otorgar: PROFESOR\/A DE EDUCACION ESPECIAL con orientaci\u00f3n en discapacidad intelectual no universitario con validez nacional Duraci\u00f3n: 4 a\u00f1os &#8211; Vespertino Carga horaria: 2891 horas reloj (4336 horas c\u00e1tedra) Resoluci\u00f3n: 0653 DGE 2011 &#8211; clic aqu\u00ed para acceder RESOL-2023-6866-E-GDEMZA-DGE DISE\u00d1O CURRICULAR 2011 ACCEDE AQUI AL NUEVO &#8230; <a title=\"Profesorado de Educaci\u00f3n Especial\" class=\"read-more\" href=\"https:\/\/ens9002-infd.mendoza.edu.ar\/sitio\/carreras\/prof-en-educacion-especial\/\" aria-label=\"More on Profesorado de Educaci\u00f3n Especial\">[+]<\/a><\/p>\n","protected":false},"author":4722,"featured_media":0,"parent":1992,"menu_order":0,"comment_status":"closed","ping_status":"closed","template":"","meta":[],"acf":[],"_links":{"self":[{"href":"https:\/\/ens9002-infd.mendoza.edu.ar\/sitio\/wp-json\/wp\/v2\/pages\/3035"}],"collection":[{"href":"https:\/\/ens9002-infd.mendoza.edu.ar\/sitio\/wp-json\/wp\/v2\/pages"}],"about":[{"href":"https:\/\/ens9002-infd.mendoza.edu.ar\/sitio\/wp-json\/wp\/v2\/types\/page"}],"author":[{"embeddable":true,"href":"https:\/\/ens9002-infd.mendoza.edu.ar\/sitio\/wp-json\/wp\/v2\/users\/4722"}],"replies":[{"embeddable":true,"href":"https:\/\/ens9002-infd.mendoza.edu.ar\/sitio\/wp-json\/wp\/v2\/comments?post=3035"}],"version-history":[{"count":62,"href":"https:\/\/ens9002-infd.mendoza.edu.ar\/sitio\/wp-json\/wp\/v2\/pages\/3035\/revisions"}],"predecessor-version":[{"id":19360,"href":"https:\/\/ens9002-infd.mendoza.edu.ar\/sitio\/wp-json\/wp\/v2\/pages\/3035\/revisions\/19360"}],"up":[{"embeddable":true,"href":"https:\/\/ens9002-infd.mendoza.edu.ar\/sitio\/wp-json\/wp\/v2\/pages\/1992"}],"wp:attachment":[{"href":"https:\/\/ens9002-infd.mendoza.edu.ar\/sitio\/wp-json\/wp\/v2\/media?parent=3035"}],"curies":[{"name":"wp","href":"https:\/\/api.w.org\/{rel}","templated":true}]}}