{"id":3049,"date":"2019-03-14T12:20:23","date_gmt":"2019-03-14T15:20:23","guid":{"rendered":"https:\/\/ens9002-mza.infd.edu.ar\/sitio\/?page_id=3049"},"modified":"2025-08-13T14:36:25","modified_gmt":"2025-08-13T17:36:25","slug":"prof-en-fisica","status":"publish","type":"page","link":"https:\/\/ens9002-infd.mendoza.edu.ar\/sitio\/prof-en-fisica\/","title":{"rendered":"Profesorado de Educaci\u00f3n Secundaria en F\u00edsica"},"content":{"rendered":"\n<figure class=\"wp-block-image size-full\"><img decoding=\"async\" loading=\"lazy\" width=\"1101\" height=\"201\" src=\"https:\/\/ens9002-infd.mendoza.edu.ar\/sitio\/wp-content\/uploads\/2020\/08\/1-03.png\" alt=\"\" class=\"wp-image-5413\" srcset=\"https:\/\/ens9002-infd.mendoza.edu.ar\/sitio\/wp-content\/uploads\/2020\/08\/1-03.png 1101w, https:\/\/ens9002-infd.mendoza.edu.ar\/sitio\/wp-content\/uploads\/2020\/08\/1-03-1000x183.png 1000w, https:\/\/ens9002-infd.mendoza.edu.ar\/sitio\/wp-content\/uploads\/2020\/08\/1-03-768x140.png 768w, https:\/\/ens9002-infd.mendoza.edu.ar\/sitio\/wp-content\/uploads\/2020\/08\/1-03-1100x200.png 1100w, https:\/\/ens9002-infd.mendoza.edu.ar\/sitio\/wp-content\/uploads\/2020\/08\/1-03-620x114.png 620w, https:\/\/ens9002-infd.mendoza.edu.ar\/sitio\/wp-content\/uploads\/2020\/08\/1-03-400x73.png 400w, https:\/\/ens9002-infd.mendoza.edu.ar\/sitio\/wp-content\/uploads\/2020\/08\/1-03-1089x200.png 1089w\" sizes=\"(max-width: 1101px) 100vw, 1101px\" \/><\/figure>\n\n\n\n<p class=\"has-text-align-center\"><span style=\"color: #000000;\">COORDINADORA:<strong> Profa. SUSANA OTOYA &#8211; <\/strong>CONTACTO:<\/span><a href=\"profesoradodefisicatgc@gmail.com\"> profesoradodefisicatgc@gmail.com<\/a><\/p>\n\n\n\n<p class=\"has-text-align-center\"><a href=\"https:\/\/ens9002-infd.mendoza.edu.ar\/sitio\/wp-content\/uploads\/2025\/03\/RS-2025-01646361-GDEMZA-DGE-RESOL.-686-DGE-25-DGE-Actualizacion-del-Diseno-Curricular-de-Formacion-Docente-\u2013-Profesorado-de-Educacion-Secundaria-en-Fisica.pdf\" data-type=\"URL\" data-id=\"https:\/\/ens9002-infd.mendoza.edu.ar\/sitio\/wp-content\/uploads\/2025\/03\/RS-2025-01646361-GDEMZA-DGE-RESOL.-686-DGE-25-DGE-Actualizacion-del-Diseno-Curricular-de-Formacion-Docente-\u2013-Profesorado-de-Educacion-Secundaria-en-Fisica.pdf\" target=\"_blank\" rel=\"noreferrer noopener\">Resoluci\u00f3n 686 DGE 2025<\/a> | <a href=\"https:\/\/ens9002-infd.mendoza.edu.ar\/sitio\/wp-content\/uploads\/2025\/03\/ANEXO-DCP-Prof.-de-Educacion-Secundaria-en-Fisica.pdf\" data-type=\"URL\" data-id=\"https:\/\/ens9002-infd.mendoza.edu.ar\/sitio\/wp-content\/uploads\/2025\/03\/ANEXO-DCP-Prof.-de-Educacion-Secundaria-en-Fisica.pdf\" target=\"_blank\" rel=\"noreferrer noopener\">NUEVO DISE\u00d1O CURRICULAR<\/a> &#8211; aplicable desde 2025<\/p>\n\n\n\n<p class=\"has-text-align-center\"><span style=\"color: #000000;\"><strong>&nbsp;<a style=\"color: #000000;\" href=\"https:\/\/ens9002-infd.mendoza.edu.ar\/sitio\/wp-content\/uploads\/2019\/03\/DCPES-FISICA_1.pdf\" target=\"_blank\" rel=\"noopener\">ACCED\u00c9 AQU\u00cd AL DISE\u00d1O CURRICULAR<\/a><\/strong><\/span><\/p>\n\n\n\n<p class=\"has-text-align-center has-medium-font-size\">T\u00edtulo a otorgar:<\/p>\n\n\n\n<p class=\"has-text-align-center has-large-font-size\"><strong>PROFESOR\/A DE EDUCACION SECUNDARIA EN FISICA<\/strong><\/p>\n\n\n\n<p class=\"has-text-align-center has-large-font-size\">no universitario con validez nacional<\/p>\n\n\n\n<p class=\"has-text-align-center has-medium-font-size\">Duraci\u00f3n: 4 a\u00f1os \u2013 vespertino<\/p>\n\n\n\n<p class=\"has-text-align-center has-medium-font-size\">Carga horaria: 3126 horas reloj (4668 horas c\u00e1tedra)<\/p>\n\n\n\n<p class=\"has-text-align-center has-medium-font-size\">Resoluci\u00f3n: 0657 DGE 2011<\/p>\n\n\n\n<hr class=\"wp-block-separator has-css-opacity\"\/>\n\n\n\n<h5 class=\"wp-block-heading\"><span style=\"color: #559886;\"><strong>M\u00c1S INFORMACI\u00d3N<\/strong><\/span><\/h5>\n\n\n\n<figure class=\"wp-block-table\"><table class=\"has-accent-color has-text-color\"><tbody><tr><td> <br><br><strong><a href=\"https:\/\/ens9002-infd.mendoza.edu.ar\/sitio\/wp-content\/uploads\/2025\/04\/Captura-de-pantalla-2025-04-15-a-las-10.57.46\u202fa.-m.png\" data-type=\"URL\" data-id=\"https:\/\/ens9002-infd.mendoza.edu.ar\/sitio\/wp-content\/uploads\/2025\/04\/Captura-de-pantalla-2025-04-15-a-las-10.57.46\u202fa.-m.png\">PLAN DE ESTUDIO APLICABLE A PARTIR DE INGRESO 2025<\/a><\/strong><br><p style=\"margin: 4px 0 10px; font-size: 0.938rem; line-height: 1.125rem; color: #868686;\">Consult\u00e1 las materias de la carrera<\/p><br><br><br><p style=\"margin: 0 0 3px; font-size: 1.125rem; line-height: 1.5rem; font-weight: bold; color: #585858;\"><span style=\"color: #559886;\"><a style=\"color: #559886;\" rel=\"noopener\" href=\"https:\/\/ens9002-infd.mendoza.edu.ar\/sitio\/estructura-curricular-3\/\" target=\"_blank\">Plan de Estudios<\/a><\/span><\/p>PARA ESTUDIANTES QUE INGRESARON HASTA 2024 <p style=\"margin: 10px 0 0;\"><span style=\"width: auto; height: 5px; background-color: #1033ce; display: inline-block;\">&nbsp;&nbsp;&nbsp;&nbsp;<\/span><\/p> <p style=\"margin: 4px 0 10px; font-size: 0.938rem; line-height: 1.125rem; color: #868686;\">Consult\u00e1 las materias de la carrera<\/p> <\/td><td>&nbsp;<\/td><td>\n<p style=\"margin: 0 0 3px; font-size: 1.125rem; line-height: 1.5rem; font-weight: bold; color: #585858;\"><span style=\"color: #559886;\"><a style=\"color: #559886;\" href=\"https:\/\/ens9002-infd.mendoza.edu.ar\/sitio\/plan-de-estudios-5\/\" target=\"_blank\" rel=\"noopener\">Perfil del Egresado y la Egresada<\/a><\/span><\/p>\n<p style=\"margin: 10px 0 0;\"><span style=\"width: auto; height: 5px; background-color: #1033ce; display: inline-block;\">&nbsp;&nbsp;&nbsp;&nbsp;<\/span><\/p>\n<p style=\"margin: 4px 0 10px; font-size: 0.938rem; line-height: 1.125rem; color: #868686;\">Capacidades a adquirir por el futuro y la futura docente<\/p>\n<\/td><\/tr><\/tbody><\/table><\/figure>\n\n\n\n<pre class=\"wp-block-preformatted\"><strong>CONOC\u00c9<\/strong> M\u00c1S <strong>ACTIVIDADES<\/strong> DE LA CARRERA EN <strong>INSTAGRAM | <\/strong> <a href=\"https:\/\/www.instagram.com\/fisicatgc_estudiantes\/\">clic aqu\u00ed<\/a><\/pre>\n\n\n\n<figure class=\"wp-block-image\"><img decoding=\"async\" loading=\"lazy\" width=\"904\" height=\"178\" src=\"https:\/\/ens9002-infd.mendoza.edu.ar\/sitio\/wp-content\/uploads\/2020\/11\/F\u00edsica-p\u00e1gina-fotos.jpg\" alt=\"\" class=\"wp-image-6654\" srcset=\"https:\/\/ens9002-infd.mendoza.edu.ar\/sitio\/wp-content\/uploads\/2020\/11\/F\u00edsica-p\u00e1gina-fotos.jpg 904w, https:\/\/ens9002-infd.mendoza.edu.ar\/sitio\/wp-content\/uploads\/2020\/11\/F\u00edsica-p\u00e1gina-fotos-768x151.jpg 768w\" sizes=\"(max-width: 904px) 100vw, 904px\" \/><\/figure>\n","protected":false},"excerpt":{"rendered":"<p>COORDINADORA: Profa. SUSANA OTOYA &#8211; CONTACTO: profesoradodefisicatgc@gmail.com Resoluci\u00f3n 686 DGE 2025 | NUEVO DISE\u00d1O CURRICULAR &#8211; aplicable desde 2025 &nbsp;ACCED\u00c9 AQU\u00cd AL DISE\u00d1O CURRICULAR T\u00edtulo a otorgar: PROFESOR\/A DE EDUCACION SECUNDARIA EN FISICA no universitario con validez nacional Duraci\u00f3n: 4 a\u00f1os \u2013 vespertino Carga horaria: 3126 horas reloj (4668 horas c\u00e1tedra) Resoluci\u00f3n: 0657 DGE 2011 &#8230; <a title=\"Profesorado de Educaci\u00f3n Secundaria en F\u00edsica\" class=\"read-more\" href=\"https:\/\/ens9002-infd.mendoza.edu.ar\/sitio\/prof-en-fisica\/\" aria-label=\"More on Profesorado de Educaci\u00f3n Secundaria en F\u00edsica\">[+]<\/a><\/p>\n","protected":false},"author":5115,"featured_media":0,"parent":0,"menu_order":0,"comment_status":"closed","ping_status":"closed","template":"","meta":[],"acf":[],"_links":{"self":[{"href":"https:\/\/ens9002-infd.mendoza.edu.ar\/sitio\/wp-json\/wp\/v2\/pages\/3049"}],"collection":[{"href":"https:\/\/ens9002-infd.mendoza.edu.ar\/sitio\/wp-json\/wp\/v2\/pages"}],"about":[{"href":"https:\/\/ens9002-infd.mendoza.edu.ar\/sitio\/wp-json\/wp\/v2\/types\/page"}],"author":[{"embeddable":true,"href":"https:\/\/ens9002-infd.mendoza.edu.ar\/sitio\/wp-json\/wp\/v2\/users\/5115"}],"replies":[{"embeddable":true,"href":"https:\/\/ens9002-infd.mendoza.edu.ar\/sitio\/wp-json\/wp\/v2\/comments?post=3049"}],"version-history":[{"count":54,"href":"https:\/\/ens9002-infd.mendoza.edu.ar\/sitio\/wp-json\/wp\/v2\/pages\/3049\/revisions"}],"predecessor-version":[{"id":18932,"href":"https:\/\/ens9002-infd.mendoza.edu.ar\/sitio\/wp-json\/wp\/v2\/pages\/3049\/revisions\/18932"}],"wp:attachment":[{"href":"https:\/\/ens9002-infd.mendoza.edu.ar\/sitio\/wp-json\/wp\/v2\/media?parent=3049"}],"curies":[{"name":"wp","href":"https:\/\/api.w.org\/{rel}","templated":true}]}}