{"id":3059,"date":"2019-03-14T13:37:33","date_gmt":"2019-03-14T16:37:33","guid":{"rendered":"https:\/\/ens9002-mza.infd.edu.ar\/sitio\/?page_id=3059"},"modified":"2025-08-13T14:39:22","modified_gmt":"2025-08-13T17:39:22","slug":"prof-en-quimica","status":"publish","type":"page","link":"https:\/\/ens9002-infd.mendoza.edu.ar\/sitio\/prof-en-quimica\/","title":{"rendered":"Profesorado de Educaci\u00f3n Secundaria en Qu\u00edmica"},"content":{"rendered":"\n<figure class=\"wp-block-image size-full\"><img decoding=\"async\" loading=\"lazy\" width=\"1101\" height=\"201\" src=\"https:\/\/ens9002-infd.mendoza.edu.ar\/sitio\/wp-content\/uploads\/2020\/08\/1-09.png\" alt=\"\" class=\"wp-image-5419\" srcset=\"https:\/\/ens9002-infd.mendoza.edu.ar\/sitio\/wp-content\/uploads\/2020\/08\/1-09.png 1101w, https:\/\/ens9002-infd.mendoza.edu.ar\/sitio\/wp-content\/uploads\/2020\/08\/1-09-1000x183.png 1000w, https:\/\/ens9002-infd.mendoza.edu.ar\/sitio\/wp-content\/uploads\/2020\/08\/1-09-768x140.png 768w, https:\/\/ens9002-infd.mendoza.edu.ar\/sitio\/wp-content\/uploads\/2020\/08\/1-09-1100x200.png 1100w, https:\/\/ens9002-infd.mendoza.edu.ar\/sitio\/wp-content\/uploads\/2020\/08\/1-09-620x114.png 620w, https:\/\/ens9002-infd.mendoza.edu.ar\/sitio\/wp-content\/uploads\/2020\/08\/1-09-400x73.png 400w, https:\/\/ens9002-infd.mendoza.edu.ar\/sitio\/wp-content\/uploads\/2020\/08\/1-09-1089x200.png 1089w\" sizes=\"(max-width: 1101px) 100vw, 1101px\" \/><\/figure>\n\n\n\n<p class=\"has-text-align-center\"><span style=\"color: #000000;\">REFERENTE:<strong> Prof. EMILIANO FLORES AS\u00cdN <\/strong>&#8211;<strong> <\/strong>CONTACTO:<strong> &nbsp;<a href=\"mailto:quimicatomasgodoycruzp@gmail.com\">quimicatomasgodoycruzp@gmail.com<\/a>&nbsp;<\/strong><\/span><\/p>\n\n\n\n<p class=\"has-text-align-center\"><a href=\"https:\/\/ens9002-infd.mendoza.edu.ar\/sitio\/wp-content\/uploads\/2025\/03\/RS-2025-01654267-GDEMZA-DGE-RESOL.-694-DGE-25-DGE-Actualizacion-del-diseno-curricular-de-formacion-docente-\u2013-Profesorado-de-Educacion-Secundaria-en-Quimica.pdf\" data-type=\"URL\" data-id=\"https:\/\/ens9002-infd.mendoza.edu.ar\/sitio\/wp-content\/uploads\/2025\/03\/RS-2025-01654267-GDEMZA-DGE-RESOL.-694-DGE-25-DGE-Actualizacion-del-diseno-curricular-de-formacion-docente-\u2013-Profesorado-de-Educacion-Secundaria-en-Quimica.pdf\" target=\"_blank\" rel=\"noreferrer noopener\">Resoluci\u00f3n 694 DGE 25<\/a> | <a href=\"https:\/\/ens9002-infd.mendoza.edu.ar\/sitio\/wp-content\/uploads\/2025\/03\/ANEXO-DCP-Profesorado-de-Educacion-Secundaria-en-Quimica.pdf\" data-type=\"URL\" data-id=\"https:\/\/ens9002-infd.mendoza.edu.ar\/sitio\/wp-content\/uploads\/2025\/03\/ANEXO-DCP-Profesorado-de-Educacion-Secundaria-en-Quimica.pdf\" target=\"_blank\" rel=\"noreferrer noopener\">NUEVO DISE\u00d1O CURRICULAR<\/a> &#8211; aplicable desde 2025<\/p>\n\n\n\n<p class=\"has-text-align-center\"><span style=\"color: #000000;\"><strong>&nbsp;<a style=\"color: #000000;\" rel=\"noopener\" href=\"https:\/\/ens9002-infd.mendoza.edu.ar\/sitio\/wp-content\/uploads\/2019\/03\/DCPES-QUIMICA_1.pdf\" target=\"_blank\">ACCED\u00c9 AQU\u00cd AL DISE\u00d1O CURRICULAR<\/a><\/strong><\/span><\/p>\n\n\n\n<p class=\"has-text-align-center has-medium-font-size\">T\u00edtulo a otorgar:<\/p>\n\n\n\n<p class=\"has-text-align-center has-large-font-size\"><strong>PROFESOR\/A DE EDUCACION SECUNDARIA EN QUIMICA<\/strong><\/p>\n\n\n\n<p class=\"has-text-align-center has-large-font-size\">no universitario con validez nacional<\/p>\n\n\n\n<p class=\"has-text-align-center has-medium-font-size\">Duraci\u00f3n: 4 a\u00f1os \u2013 vespertino<\/p>\n\n\n\n<p class=\"has-text-align-center has-medium-font-size\">Carga horaria: 3094 horas reloj (4640 horas c\u00e1tedra)<\/p>\n\n\n\n<p class=\"has-text-align-center has-medium-font-size\">Resoluci\u00f3n: 00656 DGE 2011<\/p>\n\n\n\n<p><\/p>\n\n\n\n<figure class=\"wp-block-table\"><table><tbody><tr><td> <a href=\"https:\/\/ens9002-infd.mendoza.edu.ar\/sitio\/wp-content\/uploads\/2025\/04\/Captura-de-pantalla-2025-04-15-a-las-11.43.11%E2%80%AFa.-m.png\"><strong>Plan de Estudio aplicable desde Ingreso 2025<\/strong><\/a><strong><a href=\"https:\/\/ens9002-infd.mendoza.edu.ar\/sitio\/wp-content\/uploads\/2025\/04\/Captura-de-pantalla-2025-04-15-a-las-11.43.11\u202fa.-m.png\"><br><\/a><\/strong><p style=\"margin: 4px 0 10px; font-size: 0.938rem; line-height: 1.125rem; color: #868686;\">Consult\u00e1 las materias de la carrera<\/p><br><br><p style=\"margin: 0 0 3px; font-size: 1.125rem; line-height: 1.5rem; font-weight: bold; color: #585858;\"><span style=\"color: #2b9dd7;\"><a style=\"color: #2b9dd7;\" rel=\"noopener\" href=\"https:\/\/ens9002-infd.mendoza.edu.ar\/sitio\/estructura-curricular-4\/\" target=\"_blank\">Plan de Estudios<\/a><\/span><\/p> Para aquellos que ingresaron hasta 2024 <p style=\"margin: 10px 0 0;\"><span style=\"width: auto; height: 5px; background-color: #1033ce; display: inline-block;\">&nbsp;&nbsp;&nbsp;&nbsp;<\/span><\/p> <p style=\"margin: 4px 0 10px; font-size: 0.938rem; line-height: 1.125rem; color: #868686;\">Consult\u00e1 las materias de la carrera<\/p> <\/td><td>&nbsp;<\/td><td>\n<p style=\"margin: 0 0 3px; font-size: 1.125rem; line-height: 1.5rem; font-weight: bold; color: #585858;\"><span style=\"color: #2b9dd7;\"><a style=\"color: #2b9dd7;\" href=\"https:\/\/ens9002-infd.mendoza.edu.ar\/sitio\/plan-de-estudios-3\/\" target=\"_blank\" rel=\"noopener\">Perfil del Egresado<\/a><\/span><\/p>\n<p style=\"margin: 10px 0 0;\"><span style=\"width: auto; height: 5px; background-color: #1033ce; display: inline-block;\">&nbsp;&nbsp;&nbsp;&nbsp;<\/span><\/p>\n<p style=\"margin: 4px 0 10px; font-size: 0.938rem; line-height: 1.125rem; color: #868686;\">Capacidades a adquirir por el futuro y la futura docente<\/p>\n<\/td><\/tr><\/tbody><\/table><\/figure>\n\n\n\n<pre class=\"wp-block-preformatted\"><strong>CONOC\u00c9<\/strong> M\u00c1S <strong>ACTIVIDADES<\/strong> DE LA <strong>CARRERA<\/strong> EN <strong>INSTAGRAM | <span style=\"color: #000080;\"><a style=\"color: #000080;\" href=\"https:\/\/www.instagram.com\/profesoradodequimica\/\">clic aqu\u00ed<\/a><\/span><\/strong><\/pre>\n\n\n\n<figure class=\"wp-block-image\"><img decoding=\"async\" loading=\"lazy\" width=\"1000\" height=\"198\" src=\"https:\/\/ens9002-infd.mendoza.edu.ar\/sitio\/wp-content\/uploads\/2020\/11\/Qu\u00edmica-fotos-p\u00e1gina-1000x198.jpg\" alt=\"\" class=\"wp-image-6707\" srcset=\"https:\/\/ens9002-infd.mendoza.edu.ar\/sitio\/wp-content\/uploads\/2020\/11\/Qu\u00edmica-fotos-p\u00e1gina-1000x198.jpg 1000w, https:\/\/ens9002-infd.mendoza.edu.ar\/sitio\/wp-content\/uploads\/2020\/11\/Qu\u00edmica-fotos-p\u00e1gina-768x152.jpg 768w, https:\/\/ens9002-infd.mendoza.edu.ar\/sitio\/wp-content\/uploads\/2020\/11\/Qu\u00edmica-fotos-p\u00e1gina.jpg 1160w\" sizes=\"(max-width: 1000px) 100vw, 1000px\" \/><\/figure>\n","protected":false},"excerpt":{"rendered":"<p>REFERENTE: Prof. EMILIANO FLORES AS\u00cdN &#8211; CONTACTO: &nbsp;quimicatomasgodoycruzp@gmail.com&nbsp; Resoluci\u00f3n 694 DGE 25 | NUEVO DISE\u00d1O CURRICULAR &#8211; aplicable desde 2025 &nbsp;ACCED\u00c9 AQU\u00cd AL DISE\u00d1O CURRICULAR T\u00edtulo a otorgar: PROFESOR\/A DE EDUCACION SECUNDARIA EN QUIMICA no universitario con validez nacional Duraci\u00f3n: 4 a\u00f1os \u2013 vespertino Carga horaria: 3094 horas reloj (4640 horas c\u00e1tedra) Resoluci\u00f3n: 00656 DGE &#8230; <a title=\"Profesorado de Educaci\u00f3n Secundaria en Qu\u00edmica\" class=\"read-more\" href=\"https:\/\/ens9002-infd.mendoza.edu.ar\/sitio\/prof-en-quimica\/\" aria-label=\"More on Profesorado de Educaci\u00f3n Secundaria en Qu\u00edmica\">[+]<\/a><\/p>\n","protected":false},"author":5115,"featured_media":0,"parent":0,"menu_order":0,"comment_status":"closed","ping_status":"closed","template":"","meta":[],"acf":[],"_links":{"self":[{"href":"https:\/\/ens9002-infd.mendoza.edu.ar\/sitio\/wp-json\/wp\/v2\/pages\/3059"}],"collection":[{"href":"https:\/\/ens9002-infd.mendoza.edu.ar\/sitio\/wp-json\/wp\/v2\/pages"}],"about":[{"href":"https:\/\/ens9002-infd.mendoza.edu.ar\/sitio\/wp-json\/wp\/v2\/types\/page"}],"author":[{"embeddable":true,"href":"https:\/\/ens9002-infd.mendoza.edu.ar\/sitio\/wp-json\/wp\/v2\/users\/5115"}],"replies":[{"embeddable":true,"href":"https:\/\/ens9002-infd.mendoza.edu.ar\/sitio\/wp-json\/wp\/v2\/comments?post=3059"}],"version-history":[{"count":55,"href":"https:\/\/ens9002-infd.mendoza.edu.ar\/sitio\/wp-json\/wp\/v2\/pages\/3059\/revisions"}],"predecessor-version":[{"id":18935,"href":"https:\/\/ens9002-infd.mendoza.edu.ar\/sitio\/wp-json\/wp\/v2\/pages\/3059\/revisions\/18935"}],"wp:attachment":[{"href":"https:\/\/ens9002-infd.mendoza.edu.ar\/sitio\/wp-json\/wp\/v2\/media?parent=3059"}],"curies":[{"name":"wp","href":"https:\/\/api.w.org\/{rel}","templated":true}]}}