{"id":3078,"date":"2019-03-14T13:57:57","date_gmt":"2019-03-14T16:57:57","guid":{"rendered":"https:\/\/ens9002-mza.infd.edu.ar\/sitio\/?page_id=3078"},"modified":"2020-11-09T13:34:28","modified_gmt":"2020-11-09T16:34:28","slug":"plan-de-estudios-5","status":"publish","type":"page","link":"https:\/\/ens9002-infd.mendoza.edu.ar\/sitio\/plan-de-estudios-5\/","title":{"rendered":"Perfil del Egresado y la Egresada en F\u00edsica"},"content":{"rendered":"<p style=\"text-align: justify;\"><span style=\"color: #000000;\">A trav\u00e9s del presente curr\u00edculo se pretende formar un\/a docente con capacidad de:<\/span><\/p>\n<p style=\"text-align: justify;\"><span style=\"color: #000000;\"><strong>Asumirse como un ser aut\u00f3nomo, comprometido con la realidad sociocultural en la cual est\u00e1 inserto, que pueda: <\/strong><\/span><\/p>\n<p style=\"text-align: justify;\"><span style=\"color: #000000;\">\u2022 Reflexionar sobre su propia historia y experiencias.<\/span><\/p>\n<p style=\"text-align: justify;\"><span style=\"color: #000000;\">\u2022 Aceptar sus limitaciones y optimizar sus posibilidades.<\/span><\/p>\n<p style=\"text-align: justify;\"><span style=\"color: #000000;\">\u2022 Concebirse como un sujeto en proceso de construcci\u00f3n din\u00e1mica.<\/span><\/p>\n<p style=\"text-align: justify;\"><span style=\"color: #000000;\">\u2022 Establecer v\u00ednculos basados en el respeto y valorizaci\u00f3n rec\u00edprocos.<\/span><\/p>\n<p style=\"text-align: justify;\"><span style=\"color: #000000;\">\u2022 Entablar relaciones y v\u00ednculos positivos y de confianza con los adolescentes, j\u00f3venes y adultos destinatarios\/as de la Educaci\u00f3n Secundaria, dando lugar a las experiencias personales, las preguntas, los intereses, las motivaciones y la seguridad en sus capacidades y deseos de aprender.<\/span><\/p>\n<p style=\"text-align: justify;\"><span style=\"color: #000000;\">\u2022 Valorar a los otros como sujetos, sociales e hist\u00f3ricamente constituidos o en proceso de constituci\u00f3n.<\/span><\/p>\n<p style=\"text-align: justify;\"><span style=\"color: #000000;\">\u2022 Desarrollarse como protagonista responsable del momento hist\u00f3rico en el que le toca desempe\u00f1arse.<\/span><\/p>\n<p style=\"text-align: justify;\"><span style=\"color: #000000;\">\u2022 Participar activa y democr\u00e1ticamente en la vida institucional y comunitaria.<\/span><\/p>\n<p style=\"text-align: justify;\"><span style=\"color: #000000;\"><strong>Construir din\u00e1micamente una identidad como profesional docente que le permita:\u00a0<\/strong><\/span><\/p>\n<p style=\"text-align: justify;\"><span style=\"color: #000000;\">\u2022\u00a0Contribuir a la valoraci\u00f3n social de la F\u00edsica, tanto dentro como fuera del Sistema Educativo, participando activamente en la difusi\u00f3n de la F\u00edsica.<\/span><\/p>\n<p style=\"text-align: justify;\"><span style=\"color: #000000;\">\u2022 Identificar las caracter\u00edsticas y necesidades de aprendizaje de los sujetos, adolescentes, j\u00f3venes y adultos, como base para su actuaci\u00f3n docente.<\/span><\/p>\n<p style=\"text-align: justify;\"><span style=\"color: #000000;\">\u2022 Concebir y desarrollar dispositivos pedag\u00f3gicos para la diversidad asentados sobre la confianza en las posibilidades de aprender de los\/as alumnos\/as fortaleciendo sus potencialidades para un desarrollo pleno y arm\u00f3nico y sus capacidades para construir conocimientos, comunicarse, participar en su entorno libre y creativamente, cooperar y convivir con tolerancia y respeto por los dem\u00e1s.<\/span><\/p>\n<p style=\"text-align: justify;\"><span style=\"color: #000000;\">\u2022 Promover el aprendizaje y el desarrollo cognitivo, social y afectivo de los\/as alumnos\/as.<\/span><\/p>\n<p style=\"text-align: justify;\"><span style=\"color: #000000;\">\u2022 Dise\u00f1ar e implementar pr\u00e1cticas educativas pertinentes y acordes con la heterogeneidad de los sujetos y sus contextos, siendo capaz de desempe\u00f1ar sus tareas en realidades diversas (espacios urbanos, suburbanos o rurales), demostrando atenci\u00f3n y respeto por la diversidad de caracter\u00edsticas y condiciones relacionadas con el idioma, las formas de vida de la familia, los patrones de crianza y el entorno comunitario.<\/span><\/p>\n<p style=\"text-align: justify;\"><span style=\"color: #000000;\">\u2022 Integrar en la tarea educativa a la comunidad, propiciando comunicaciones fluidas, di\u00e1logos constructivos y respeto mutuo en la b\u00fasqueda de criterios compartidos acordes con los principios formativos del nivel.<\/span><\/p>\n<p style=\"text-align: justify;\"><span style=\"color: #000000;\">\u2022 Trabajar en equipo con otros docentes, elaborar proyectos institucionales compartidos y participar y proponer actividades propias de las instituciones de Educaci\u00f3n secundaria como as\u00ed tambi\u00e9n con las organizaciones de la comunidad.<\/span><\/p>\n<p style=\"text-align: justify;\"><span style=\"color: #000000;\">\u2022 Dise\u00f1ar y desarrollar proyectos, emprender y colaborar con programas que promueven el bienestar de los sujetos destinatarios de la acci\u00f3n educativa.<\/span><\/p>\n<p style=\"text-align: justify;\"><span style=\"color: #000000;\">\u2022 Desarrollar el pensamiento divergente, la capacidad expresiva y comunicativa, sensibilidad est\u00e9tica y valorar el patrimonio cultural y ambiental.<\/span><\/p>\n<p style=\"text-align: justify;\"><span style=\"color: #000000;\">\u2022 Tomar decisiones con base cient\u00edfica desde la interpretaci\u00f3n cr\u00edtica de la informaci\u00f3n brindada por los medios de comunicaci\u00f3n.<\/span><\/p>\n<p style=\"text-align: justify;\"><span style=\"color: #000000;\">\u2022 Asumir un compromiso en la configuraci\u00f3n y consolidaci\u00f3n de la ense\u00f1anza de la F\u00edsica en la Educaci\u00f3n secundaria.<\/span><\/p>\n<p style=\"text-align: justify;\"><span style=\"color: #000000;\">\u2022 Tomar decisiones en la pr\u00e1ctica docente con fundamentos did\u00e1ctico-pedag\u00f3gicodisciplinares que las sustenten, ante s\u00ed, ante sus colegas y ante la comunidad educativa.<\/span><\/p>\n<p style=\"text-align: justify;\"><span style=\"color: #000000;\">\u2022 Adoptar una actitud cr\u00edtica sobre su acci\u00f3n, reflexiva y siempre abierta al cambio, y estar dispuesto a indagar, replantear y resignificar situaciones, conceptos o decisiones de la pr\u00e1ctica docente.<\/span><\/p>\n<p style=\"text-align: justify;\"><span style=\"color: #000000;\">\u2022 Dar continuidad a su formaci\u00f3n inicial, profundizando sus conocimientos y su capacidad reflexiva acerca de sus propias pr\u00e1cticas, los sujetos, los campos disciplinares, los contextos, las innovaciones y su identidad como docente.\u00a0<\/span><\/p>\n<p><a href=\"https:\/\/ens9002-infd.mendoza.edu.ar\/sitio\/prof-en-fisica\/\"><img decoding=\"async\" loading=\"lazy\" class=\"alignright wp-image-5025 size-full\" src=\"https:\/\/ens9002-infd.mendoza.edu.ar\/sitio\/wp-content\/uploads\/2020\/07\/volver-e1596227399907.png\" alt=\"\" width=\"80\" height=\"80\" \/><\/a><\/p>\n","protected":false},"excerpt":{"rendered":"<p>A trav\u00e9s del presente curr\u00edculo se pretende formar un\/a docente con capacidad de: Asumirse como un ser aut\u00f3nomo, comprometido con la realidad sociocultural en la cual est\u00e1 inserto, que pueda: \u2022 Reflexionar sobre su propia historia y experiencias. \u2022 Aceptar sus limitaciones y optimizar sus posibilidades. \u2022 Concebirse como un sujeto en proceso de construcci\u00f3n &#8230; <a title=\"Perfil del Egresado y la Egresada en F\u00edsica\" class=\"read-more\" href=\"https:\/\/ens9002-infd.mendoza.edu.ar\/sitio\/plan-de-estudios-5\/\" aria-label=\"More on Perfil del Egresado y la Egresada en F\u00edsica\">[+]<\/a><\/p>\n","protected":false},"author":5115,"featured_media":0,"parent":0,"menu_order":0,"comment_status":"closed","ping_status":"closed","template":"","meta":[],"acf":[],"_links":{"self":[{"href":"https:\/\/ens9002-infd.mendoza.edu.ar\/sitio\/wp-json\/wp\/v2\/pages\/3078"}],"collection":[{"href":"https:\/\/ens9002-infd.mendoza.edu.ar\/sitio\/wp-json\/wp\/v2\/pages"}],"about":[{"href":"https:\/\/ens9002-infd.mendoza.edu.ar\/sitio\/wp-json\/wp\/v2\/types\/page"}],"author":[{"embeddable":true,"href":"https:\/\/ens9002-infd.mendoza.edu.ar\/sitio\/wp-json\/wp\/v2\/users\/5115"}],"replies":[{"embeddable":true,"href":"https:\/\/ens9002-infd.mendoza.edu.ar\/sitio\/wp-json\/wp\/v2\/comments?post=3078"}],"version-history":[{"count":11,"href":"https:\/\/ens9002-infd.mendoza.edu.ar\/sitio\/wp-json\/wp\/v2\/pages\/3078\/revisions"}],"predecessor-version":[{"id":6516,"href":"https:\/\/ens9002-infd.mendoza.edu.ar\/sitio\/wp-json\/wp\/v2\/pages\/3078\/revisions\/6516"}],"wp:attachment":[{"href":"https:\/\/ens9002-infd.mendoza.edu.ar\/sitio\/wp-json\/wp\/v2\/media?parent=3078"}],"curies":[{"name":"wp","href":"https:\/\/api.w.org\/{rel}","templated":true}]}}