{"id":6269,"date":"2020-10-19T16:56:02","date_gmt":"2020-10-19T19:56:02","guid":{"rendered":"https:\/\/ens9002-infd.mendoza.edu.ar\/sitio\/?page_id=6269"},"modified":"2024-04-04T12:07:46","modified_gmt":"2024-04-04T15:07:46","slug":"actualizacion-academica-en-paradigmas-del-nivel-inicial-en-el-contexto-actual","status":"publish","type":"page","link":"https:\/\/ens9002-infd.mendoza.edu.ar\/sitio\/actualizacion-academica-en-paradigmas-del-nivel-inicial-en-el-contexto-actual\/","title":{"rendered":"Actualizacio\u0301n Acade\u0301mica  y Especializaci\u00f3n Docente de Nivel Superior en Paradigmas del Nivel Inicial en el contexto actual"},"content":{"rendered":"\n<figure class=\"wp-block-image size-large\"><img decoding=\"async\" loading=\"lazy\" width=\"1900\" height=\"1900\" src=\"https:\/\/ens9002-infd.mendoza.edu.ar\/sitio\/wp-content\/uploads\/2024\/04\/Practicas-Educativas-del-Nivel-Inicial-1-1900x1900.png\" alt=\"\" class=\"wp-image-15041\" srcset=\"https:\/\/ens9002-infd.mendoza.edu.ar\/sitio\/wp-content\/uploads\/2024\/04\/Practicas-Educativas-del-Nivel-Inicial-1-1900x1900.png 1900w, https:\/\/ens9002-infd.mendoza.edu.ar\/sitio\/wp-content\/uploads\/2024\/04\/Practicas-Educativas-del-Nivel-Inicial-1-1000x1000.png 1000w, https:\/\/ens9002-infd.mendoza.edu.ar\/sitio\/wp-content\/uploads\/2024\/04\/Practicas-Educativas-del-Nivel-Inicial-1-500x500.png 500w, https:\/\/ens9002-infd.mendoza.edu.ar\/sitio\/wp-content\/uploads\/2024\/04\/Practicas-Educativas-del-Nivel-Inicial-1-768x768.png 768w, https:\/\/ens9002-infd.mendoza.edu.ar\/sitio\/wp-content\/uploads\/2024\/04\/Practicas-Educativas-del-Nivel-Inicial-1-1536x1536.png 1536w, https:\/\/ens9002-infd.mendoza.edu.ar\/sitio\/wp-content\/uploads\/2024\/04\/Practicas-Educativas-del-Nivel-Inicial-1-2048x2048.png 2048w\" sizes=\"(max-width: 1900px) 100vw, 1900px\" \/><\/figure>\n\n\n\n<p class=\"has-text-align-center has-text-color\" style=\"color:#4f0269\"><strong>M\u00c1S INFORMACI\u00d3N, <a href=\"https:\/\/ens9002-infd.mendoza.edu.ar\/sitio\/abren-las-inscripciones-para-postitulos-en-practicas-educativas-del-nivel-inicial-en-el-contexto-actual\/\" data-type=\"URL\" data-id=\"https:\/\/ens9002-infd.mendoza.edu.ar\/sitio\/abren-las-inscripciones-para-postitulos-en-practicas-educativas-del-nivel-inicial-en-el-contexto-actual\/\" target=\"_blank\" rel=\"noreferrer noopener\">CLIC AQU\u00cd<\/a><\/strong><\/p>\n","protected":false},"excerpt":{"rendered":"<p>M\u00c1S INFORMACI\u00d3N, CLIC AQU\u00cd<\/p>\n","protected":false},"author":4776,"featured_media":0,"parent":0,"menu_order":0,"comment_status":"closed","ping_status":"closed","template":"","meta":[],"acf":[],"_links":{"self":[{"href":"https:\/\/ens9002-infd.mendoza.edu.ar\/sitio\/wp-json\/wp\/v2\/pages\/6269"}],"collection":[{"href":"https:\/\/ens9002-infd.mendoza.edu.ar\/sitio\/wp-json\/wp\/v2\/pages"}],"about":[{"href":"https:\/\/ens9002-infd.mendoza.edu.ar\/sitio\/wp-json\/wp\/v2\/types\/page"}],"author":[{"embeddable":true,"href":"https:\/\/ens9002-infd.mendoza.edu.ar\/sitio\/wp-json\/wp\/v2\/users\/4776"}],"replies":[{"embeddable":true,"href":"https:\/\/ens9002-infd.mendoza.edu.ar\/sitio\/wp-json\/wp\/v2\/comments?post=6269"}],"version-history":[{"count":50,"href":"https:\/\/ens9002-infd.mendoza.edu.ar\/sitio\/wp-json\/wp\/v2\/pages\/6269\/revisions"}],"predecessor-version":[{"id":15043,"href":"https:\/\/ens9002-infd.mendoza.edu.ar\/sitio\/wp-json\/wp\/v2\/pages\/6269\/revisions\/15043"}],"wp:attachment":[{"href":"https:\/\/ens9002-infd.mendoza.edu.ar\/sitio\/wp-json\/wp\/v2\/media?parent=6269"}],"curies":[{"name":"wp","href":"https:\/\/api.w.org\/{rel}","templated":true}]}}