{"id":7232,"date":"2021-02-24T11:20:32","date_gmt":"2021-02-24T14:20:32","guid":{"rendered":"https:\/\/ens9002-infd.mendoza.edu.ar\/sitio\/?page_id=7232"},"modified":"2026-03-26T15:36:47","modified_gmt":"2026-03-26T18:36:47","slug":"ramites-presenciales","status":"publish","type":"page","link":"https:\/\/ens9002-infd.mendoza.edu.ar\/sitio\/ramites-presenciales\/","title":{"rendered":"TRAMITES"},"content":{"rendered":"<div class=\"wp-block-image\">\n<figure class=\"aligncenter is-resized\"><img decoding=\"async\" loading=\"lazy\" src=\"https:\/\/ens9002-infd.mendoza.edu.ar\/sitio\/wp-content\/uploads\/2021\/05\/TRAMITE-01-1000x184.jpg\" alt=\"\" class=\"wp-image-7907\" width=\"1024\" height=\"188\" srcset=\"https:\/\/ens9002-infd.mendoza.edu.ar\/sitio\/wp-content\/uploads\/2021\/05\/TRAMITE-01-1000x184.jpg 1000w, https:\/\/ens9002-infd.mendoza.edu.ar\/sitio\/wp-content\/uploads\/2021\/05\/TRAMITE-01-768x141.jpg 768w, https:\/\/ens9002-infd.mendoza.edu.ar\/sitio\/wp-content\/uploads\/2021\/05\/TRAMITE-01.jpg 1099w\" sizes=\"(max-width: 1024px) 100vw, 1024px\" \/><\/figure><\/div>\n\n\n<p class=\"has-base-3-color has-base-3-background-color has-text-color has-background has-medium-font-size\"><span style=\"color: #13899e;\"><strong>CERTIFICADO DE ESTUDIANTE REGULAR<\/strong><\/span><\/p>\n\n\n\n<p>Para solicitarlo, deb\u00e9s acercarte de modo presencial al instituto &#8211; Secci\u00f3n Estudiantil-, de lunes a viernes de 8.30 a 22 h.<\/p>\n\n\n\n<hr class=\"wp-block-separator has-css-opacity\"\/>\n\n\n\n<h5 class=\"wp-block-heading\"><span style=\"color: #13899e;\"><strong>C\u00d3DIGO DE BARRA (SUBE)&nbsp;&nbsp;<\/strong><\/span><\/h5>\n\n\n\n<p>Para pedirlo, ten\u00e9s que dirigirte al instituto -Secci\u00f3n Estudiantil-, de lunes a viernes de 8.30 a 22 h.<\/p>\n\n\n\n<hr class=\"wp-block-separator has-alpha-channel-opacity\"\/>\n\n\n\n<p class=\"has-medium-font-size\"><span style=\"color: #13899e;\"><strong>CAMBIO DE TURNO<\/strong><\/span><\/p>\n\n\n\n<p>Para solicitarlo, acercate al instituto con el formulario de cambio de turno. Adjunt\u00e1 el certificado laboral y entregalo en la Secci\u00f3n Estudiantil.<\/p>\n\n\n\n<hr class=\"wp-block-separator has-css-opacity\"\/>\n\n\n\n<h5 class=\"wp-block-heading has-medium-font-size\"><strong><span style=\"color: #13899e;\">EQUIVALENCIAS<\/span><\/strong><\/h5>\n\n\n\n<p>Para tramitar una equivalencia, ten\u00e9s que presentar:<\/p>\n\n\n\n<ul>\n<li>Certificado anal\u00edtico de estudios, emitido por el Sistema Federal de T\u00edtulos, en el que conste la totalidad de materias rendidas, calificaci\u00f3n obtenida y fecha correspondiente a cada calificaci\u00f3n, expedido por autoridad competente.<\/li>\n\n\n\n<li>Programas anal\u00edticos de las materias aprobadas con certificaci\u00f3n de las autoridades competentes, en el caso de ser necesario.<\/li>\n<\/ul>\n\n\n\n<p>Cuando tengas toda la documentaci\u00f3n, acercate al instituto de lunes a viernes de 8.30 a 22 h y solicit\u00e1 el formulario correspondiente.<\/p>\n\n\n\n<p><strong>RECORD\u00c1<\/strong> que en el caso de equivalencias de Formaci\u00f3n Inicial incompleta, se podr\u00e1n ponderar todos los a\u00f1os cursados, cuando la acreditaci\u00f3n de la \u00faltima unidad curricular no supere los 5 (cinco) a\u00f1os respecto de la fecha en que se solicita la equivalencia.<br>En el caso de equivalencias de formaciones con trayectoria completa, no se tendr\u00e1 en cuenta la fecha de acreditaci\u00f3n. La calificaci\u00f3n ser\u00e1 determinada por el promedio de los espacios curriculares espec\u00edficos equivalentes.<\/p>\n\n\n\n<hr class=\"wp-block-separator has-alpha-channel-opacity\"\/>\n\n\n\n<p class=\"has-medium-font-size\"><strong><span style=\"color: #13899e;\">PASES<\/span><\/strong><\/p>\n\n\n\n<p>Para solicitar un pase, ten\u00e9s que presentar: copia del DNI, copia de la partida de nacimiento, certificado anal\u00edtico del secundario que indique que es copia fiel del original, certificado anal\u00edtico incompleto de la instituci\u00f3n de origen -emitido por el Sistema Federal de T\u00edtulos-, certificado de pase emitido por la instituci\u00f3n de origen y certificado de aptitud psicof\u00edsico.<\/p>\n\n\n\n<hr class=\"wp-block-separator has-alpha-channel-opacity\"\/>\n\n\n\n<p class=\"has-contrast-2-color has-text-color has-medium-font-size\"><strong><span style=\"color: #13899e;\">CAMBIO DE CARRERA <\/span><\/strong><\/p>\n\n\n\n<p>Ten\u00e9s que solicitar el formulario de cambio de carrera en Cooperadora y presentarlo en Anexo de Secretaria. <strong>RECORD\u00c1<\/strong> que para solicitar equivalencia, no tienen que haber transcurrido m\u00e1s de 5 a\u00f1os desde que aprobaste el \u00faltimo espacio (si es que no te has recibido).<\/p>\n\n\n\n<hr class=\"wp-block-separator has-css-opacity\"\/>\n\n\n\n<p class=\"has-medium-font-size\"><strong><span style=\"color: #13899e;\">READMISIONES<\/span><\/strong><\/p>\n\n\n\n<p>Para solicitarla, ten\u00e9s que presentar el formulario disponible en el instituto.<\/p>\n\n\n\n<hr class=\"wp-block-separator has-alpha-channel-opacity\"\/>\n\n\n\n<h5 class=\"wp-block-heading has-medium-font-size\"><strong><span style=\"color: #13899e;\">T\u00cdTULOS<\/span><\/strong><\/h5>\n\n\n\n<p>Para conocer m\u00e1s informaci\u00f3n de procedimientos, formularios, horarios de atenci\u00f3n, sugerencias y contacto <a rel=\"noreferrer noopener\" href=\"https:\/\/ens9002-infd.mendoza.edu.ar\/sitio\/wp-content\/uploads\/2025\/02\/HORARIOS-DE-ATENCION-\uf0fc-Inicio-tramite-de-egreso-LUNES-A-VIERNES-830hs-a-1230hs-\uf0fc-Pedido-de-analitico.pdf\" data-type=\"URL\" data-id=\"https:\/\/ens9002-infd.mendoza.edu.ar\/sitio\/wp-content\/uploads\/2025\/02\/HORARIOS-DE-ATENCION-\uf0fc-Inicio-tramite-de-egreso-LUNES-A-VIERNES-830hs-a-1230hs-\uf0fc-Pedido-de-analitico.pdf\" target=\"_blank\">hac\u00e9 clic aqu\u00ed<\/a><\/p>\n\n\n\n<hr class=\"wp-block-separator has-alpha-channel-opacity\"\/>\n\n\n\n<p class=\"has-medium-font-size\"><strong><span style=\"color: #13899e;\">POST\u00cdTULOS<\/span><\/strong><\/p>\n\n\n\n<p>Para solicitar anal\u00edtico incompleto, escrib\u00ed un correo a postitulos.titulostgc@gmail.com<\/p>\n\n\n\n<hr class=\"wp-block-separator has-css-opacity\"\/>\n\n\n\n<h5 class=\"wp-block-heading has-medium-font-size\"><strong><span style=\"color: #13899e;\">PROGRAMAS<\/span><\/strong><\/h5>\n\n\n\n<p>Para pedir un programa, ten\u00e9s que completar el formulario correspondiente.&nbsp;Para solicitarlo, dirigite al instituto&nbsp;de lunes a viernes de 8.30 a 22 h.<\/p>\n\n\n\n<hr class=\"wp-block-separator has-css-opacity\"\/>\n\n\n\n<h5 class=\"wp-block-heading has-medium-font-size\"><strong><span style=\"color: #13899e;\">SOLICITUD DE REGISTRO DE NOTAS QUE NO FIGURAN EN LA HISTORIA ACAD\u00c9MICA<\/span><\/strong><\/h5>\n\n\n\n<p>Si la nota no est\u00e1 en el sistema (aparezca o no en la libreta), deb\u00e9s rellenar el formulario en cuesti\u00f3n. Para pedirlo, acercate a la instituci\u00f3n&nbsp;de lunes a viernes de 8.30 a 22 h.<\/p>\n\n\n\n<p><strong>COMPLETAMIENTO DE LIBRETAS Y COLOCACI\u00d3N DE NOTAS<\/strong><\/p>\n\n\n\n<p>Ten\u00e9s que llenar con los datos personales que se solicitan en la primera hoja y colocar los datos correspondientes. Luego, Donde dice UNIDAD CURRICULAR deb\u00e9s escribir el nombre de las materias que hayas rendido y aprobado. Dej\u00e1 la libreta en Anexo de Secci\u00f3n Alumnos. All\u00ed colocar\u00e1n notas, n\u00famero de acta, fecha y la har\u00e1n firmar. Despu\u00e9s de algunos d\u00edas, retirala.<\/p>\n","protected":false},"excerpt":{"rendered":"<p>CERTIFICADO DE ESTUDIANTE REGULAR Para solicitarlo, deb\u00e9s acercarte de modo presencial al instituto &#8211; Secci\u00f3n Estudiantil-, de lunes a viernes de 8.30 a 22 h. C\u00d3DIGO DE BARRA (SUBE)&nbsp;&nbsp; Para pedirlo, ten\u00e9s que dirigirte al instituto -Secci\u00f3n Estudiantil-, de lunes a viernes de 8.30 a 22 h. CAMBIO DE TURNO Para solicitarlo, acercate al instituto &#8230; <a title=\"TRAMITES\" class=\"read-more\" href=\"https:\/\/ens9002-infd.mendoza.edu.ar\/sitio\/ramites-presenciales\/\" aria-label=\"More on TRAMITES\">[+]<\/a><\/p>\n","protected":false},"author":4776,"featured_media":0,"parent":0,"menu_order":0,"comment_status":"closed","ping_status":"closed","template":"","meta":[],"acf":[],"_links":{"self":[{"href":"https:\/\/ens9002-infd.mendoza.edu.ar\/sitio\/wp-json\/wp\/v2\/pages\/7232"}],"collection":[{"href":"https:\/\/ens9002-infd.mendoza.edu.ar\/sitio\/wp-json\/wp\/v2\/pages"}],"about":[{"href":"https:\/\/ens9002-infd.mendoza.edu.ar\/sitio\/wp-json\/wp\/v2\/types\/page"}],"author":[{"embeddable":true,"href":"https:\/\/ens9002-infd.mendoza.edu.ar\/sitio\/wp-json\/wp\/v2\/users\/4776"}],"replies":[{"embeddable":true,"href":"https:\/\/ens9002-infd.mendoza.edu.ar\/sitio\/wp-json\/wp\/v2\/comments?post=7232"}],"version-history":[{"count":93,"href":"https:\/\/ens9002-infd.mendoza.edu.ar\/sitio\/wp-json\/wp\/v2\/pages\/7232\/revisions"}],"predecessor-version":[{"id":20388,"href":"https:\/\/ens9002-infd.mendoza.edu.ar\/sitio\/wp-json\/wp\/v2\/pages\/7232\/revisions\/20388"}],"wp:attachment":[{"href":"https:\/\/ens9002-infd.mendoza.edu.ar\/sitio\/wp-json\/wp\/v2\/media?parent=7232"}],"curies":[{"name":"wp","href":"https:\/\/api.w.org\/{rel}","templated":true}]}}