{"id":7524,"date":"2021-03-23T08:26:50","date_gmt":"2021-03-23T11:26:50","guid":{"rendered":"https:\/\/ens9002-infd.mendoza.edu.ar\/sitio\/?page_id=7524"},"modified":"2021-08-10T19:47:14","modified_gmt":"2021-08-10T22:47:14","slug":"7524-2","status":"publish","type":"page","link":"https:\/\/ens9002-infd.mendoza.edu.ar\/sitio\/7524-2\/","title":{"rendered":"Inscripciones Cuatrimestrales"},"content":{"rendered":"<p><img decoding=\"async\" loading=\"lazy\" class=\"aligncenter wp-image-8355\" src=\"https:\/\/ens9002-infd.mendoza.edu.ar\/sitio\/wp-content\/uploads\/2021\/07\/Banner-inscripciones-segundo-cuatrimestre.jpg\" alt=\"\" width=\"1029\" height=\"186\"><\/p>\n<p><span style=\"color: #ed18e4;\"><strong>HORARIOS DE CURSADO &#8211; 2\u00b0 CUATRIMESTRE<\/strong><\/span><\/p>\n<p>Se publicar\u00e1n cuando se defina la modalidad de cursado.<\/p>\n<p><span style=\"color: #ed18e4;\"><strong>INSCRIPCIONES PARA PR\u00c1CTICA PROFESIONAL DOCENTE IV<\/strong><\/span><\/p>\n<p>Los formularios estar\u00e1n disponibles a partir de la finalizaci\u00f3n de las mesas de ex\u00e1menes del turno julio (luego del 09\/08).<\/p>\n<pre>PROFESORADO DE BIOLOG\u00cdA:&nbsp;<a href=\"https:\/\/docs.google.com\/forms\/d\/e\/1FAIpQLSdFxbWy3AHrINkx2rN9aTn_zjXmQIgDG50gCJfR5-ELqIKSJQ\/viewform?usp=sf_link\" target=\"_blank\" rel=\"noopener\" data-saferedirecturl=\"https:\/\/www.google.com\/url?q=https:\/\/docs.google.com\/forms\/d\/e\/1FAIpQLScPjjdToecIHIKdGW9QpmeKqak1h5_nBL5DJ3oaeTm6oImL6g\/viewform?usp%3Dsf_link&amp;source=gmail&amp;ust=1616584388979000&amp;usg=AFQjCNGTu_AjhMRC878yRcba1VIp-mBNuA\">https:\/\/docs.google.<wbr>com\/forms\/d\/e\/<wbr>1FAIpQLScPjjdToecIHIKdGW9QpmeK<wbr>qak1h5_nBL5DJ3oaeTm6oImL6g\/<wbr>viewform?usp=sf_link<\/a><\/pre>\n<pre>Profesorado de Educaci\u00f3n Inicial (Formulario para alumnos que ingresaron hasta 2014 inclusive):&nbsp;<a href=\"https:\/\/docs.google.com\/forms\/d\/e\/1FAIpQLSf9oltACgmhGBoRHoqNELF3cTTWToRkl0ekCX0pvDLOcIwWDw\/viewform?usp=sf_link\" target=\"_blank\" rel=\"noopener\" data-saferedirecturl=\"https:\/\/www.google.com\/url?q=https:\/\/docs.google.com\/forms\/d\/e\/1FAIpQLSeO-Auf08elALw7ql5RxNG9s-vlLxJkNV7tn3nPEMCRo6GEBA\/viewform?usp%3Dsf_link&amp;source=gmail&amp;ust=1616584388979000&amp;usg=AFQjCNE9HnqpN1vm3P_c4JaTAxS1FxypGg\">https:\/\/docs.google.<wbr>com\/forms\/d\/e\/1FAIpQLSeO-<wbr>Auf08elALw7ql5RxNG9s-<wbr>vlLxJkNV7tn3nPEMCRo6GEBA\/<wbr>viewform?usp=sf_link<\/a><\/pre>\n<pre>PROFESORADO DE MATEMATICA:&nbsp;<a href=\"https:\/\/docs.google.com\/forms\/d\/e\/1FAIpQLSdNB6L0hZ5wB-9SOATLGf_mo7sqA4OOF1QHMZrg3KrYLA5yYg\/viewform?usp=sf_link\" target=\"_blank\" rel=\"noopener\" data-saferedirecturl=\"https:\/\/www.google.com\/url?q=https:\/\/docs.google.com\/forms\/d\/e\/1FAIpQLSdDWhk_meCpP4uRyNps53mKxPk6pB9Rket6ce35B-mjCNuNiQ\/viewform?usp%3Dsf_link&amp;source=gmail&amp;ust=1616584388979000&amp;usg=AFQjCNGQOTz-wzbWXeN-3mEMoDP5276Jhw\">https:\/\/docs.<wbr>google.com\/forms\/d\/e\/<wbr>1FAIpQLSdDWhk_<wbr>meCpP4uRyNps53mKxPk6pB9Rket6ce<wbr>35B-mjCNuNiQ\/viewform?usp=sf_<wbr>link<\/a><\/pre>\n<pre>PROFESORADO DE ARTES:&nbsp;<a href=\"https:\/\/docs.google.com\/forms\/d\/e\/1FAIpQLSeZ2fwlTae4kcL8oZNbb7dclNiAPnBM87bVI1HC1CLN5Em56A\/viewform?usp=sf_link\" target=\"_blank\" rel=\"noopener\" data-saferedirecturl=\"https:\/\/www.google.com\/url?q=https:\/\/docs.google.com\/forms\/d\/e\/1FAIpQLSeaLi7ajrIzfz6JGlVdjRaTyTvAIDhj0vp6NgzILvaXNHB9wg\/viewform?usp%3Dsf_link&amp;source=gmail&amp;ust=1616584388979000&amp;usg=AFQjCNGc9_PU072Z5lpRjrJUpNg6jp67zQ\">https:\/\/docs.google.<wbr>com\/forms\/d\/e\/<wbr>1FAIpQLSeaLi7ajrIzfz6JGlVdjRaT<wbr>yTvAIDhj0vp6NgzILvaXNHB9wg\/<wbr>viewform?usp=sf_link<\/a><\/pre>\n<pre>Profesorado de Educaci\u00f3n Primaria (Formulario para alumnos que ingresaron hasta 2014 inclusive):&nbsp;<a href=\"https:\/\/docs.google.com\/forms\/d\/e\/1FAIpQLSfGQijr_QyuF659WJ2Kuy17DYwW2dmehjvAuRTqqH2L5uGyQw\/viewform?usp=sf_link\" target=\"_blank\" rel=\"noopener\" data-saferedirecturl=\"https:\/\/www.google.com\/url?q=https:\/\/docs.google.com\/forms\/d\/e\/1FAIpQLSceujOFUP3PVkHjipHmo-8_yc6-oO4xfvD1w8N6EtOSZ5udWg\/viewform?usp%3Dsf_link&amp;source=gmail&amp;ust=1616584388979000&amp;usg=AFQjCNEMQvu3JoDOIA86p1PkUPbQ1DuuMQ\">https:\/\/docs.google.<wbr>com\/forms\/d\/e\/<wbr>1FAIpQLSceujOFUP3PVkHjipHmo-8_<wbr>yc6-oO4xfvD1w8N6EtOSZ5udWg\/<wbr>viewform?usp=sf_link<\/a><\/pre>\n<pre>TECNICATURA PRODUCCI\u00d3N ART\u00cdSTICA:&nbsp;<a href=\"https:\/\/docs.google.com\/forms\/d\/e\/1FAIpQLSe_bh2NwXg5NfdWY3qO8XszKv96zRbVTwtLk13dtKEE-tOqoA\/viewform?usp=sf_link\" target=\"_blank\" rel=\"noopener\" data-saferedirecturl=\"https:\/\/www.google.com\/url?q=https:\/\/docs.google.com\/forms\/d\/e\/1FAIpQLSfj--8CIvZzlAYsdClRLf8R0mliFMGEbP2tIxLRLy7M8wh3Hg\/viewform?usp%3Dsf_link&amp;source=gmail&amp;ust=1616584388979000&amp;usg=AFQjCNFlIKvSbmTlrbRqkc4ReLvtiiZmFg\">https:\/\/docs.<wbr>google.com\/forms\/d\/e\/<wbr>1FAIpQLSfj--<wbr>8CIvZzlAYsdClRLf8R0mliFMGEbP2t<wbr>IxLRLy7M8wh3Hg\/viewform?usp=<wbr>sf_link<\/a><\/pre>\n<pre>Profesorado de Educaci\u00f3n Primaria (Para alumnos que ingresaron 2015 en adelante):&nbsp;<a href=\"https:\/\/docs.google.com\/forms\/d\/e\/1FAIpQLSfqXMay4NKxTsy-aA6SRzZisFg02xWOAtn9G-ORPuyKlhGdBQ\/viewform?usp=sf_link\" target=\"_blank\" rel=\"noopener\" data-saferedirecturl=\"https:\/\/www.google.com\/url?q=https:\/\/docs.google.com\/forms\/d\/e\/1FAIpQLScnU26saudP30Zd9tBfAdU8ZpNQadnoLUSYvfqck4O7ajKI7Q\/viewform?usp%3Dsf_link&amp;source=gmail&amp;ust=1616584388979000&amp;usg=AFQjCNGMV9bTKSnotDEzWBWVQph47KHceA\">https:\/\/docs.google.<wbr>com\/forms\/d\/e\/<wbr>1FAIpQLScnU26saudP30Zd9tBfAdU8<wbr>ZpNQadnoLUSYvfqck4O7ajKI7Q\/<wbr>viewform?usp=sf_link<\/a><\/pre>\n<pre>PROFESORADO DE EDUCACI\u00d3N ESPECIAL:&nbsp;<a href=\"https:\/\/docs.google.com\/forms\/d\/e\/1FAIpQLSfX1XMTFl0nIKNqkl6nHqmL8UDq539NO85WEQTcwDYA2SM_7g\/viewform?usp=sf_link\" target=\"_blank\" rel=\"noopener\" data-saferedirecturl=\"https:\/\/www.google.com\/url?q=https:\/\/docs.google.com\/forms\/d\/e\/1FAIpQLSdBPqjFKS6gay3hlE4w2VXMg8E3Uy8NH81AViZ--0zoztlZSw\/viewform?usp%3Dsf_link&amp;source=gmail&amp;ust=1616584388979000&amp;usg=AFQjCNHy9R-ZJ4NBtVvLmTZsiHHFDmvPfQ\">https:\/\/docs.google.<wbr>com\/forms\/d\/e\/<wbr>1FAIpQLSdBPqjFKS6gay3hlE4w2VXM<wbr>g8E3Uy8NH81AViZ--0zoztlZSw\/<wbr>viewform?usp=sf_link<\/a><\/pre>\n<pre>PROFESORADO DE F\u00cdSICA: <a href=\"https:\/\/docs.google.com\/forms\/d\/e\/1FAIpQLSda0gjX2g90Z4-ktQIAPwv8dOJathMaURVeiooF4nKotPPYoA\/viewform?usp=sf_link\" target=\"_blank\" rel=\"noopener\">https:\/\/docs.google.com\/forms\/d\/e\/1FAIpQLSctgA0eQ0AJjIRhwMQ8aKtAYNBPD4PWajhG0Hae0vn2dVJdYA\/viewform?usp=sf_link<\/a><\/pre>\n<div>\n<pre>PROFESORADO DE QUIMICA:&nbsp;<a href=\"https:\/\/docs.google.com\/forms\/d\/e\/1FAIpQLSff6W9aqJX1FoujY5lkbfYPjnGioKTMkk-UV5yUuAD85RoeuA\/viewform?usp=sf_link\" target=\"_blank\" rel=\"noopener\" data-saferedirecturl=\"https:\/\/www.google.com\/url?q=https:\/\/docs.google.com\/forms\/d\/e\/1FAIpQLSeLD8_7c3EUUatfT-uaygzQcONslBQsuRAxKPtRRxkkfgciZA\/viewform?usp%3Dsf_link&amp;source=gmail&amp;ust=1616584388979000&amp;usg=AFQjCNFGP9s_BcouhgsV1M3YUB9U54jPbw\">https:\/\/docs.google.<wbr>com\/forms\/d\/e\/1FAIpQLSeLD8_<wbr>7c3EUUatfT-<wbr>uaygzQcONslBQsuRAxKPtRRxkkfgci<wbr>ZA\/viewform?usp=sf_link&nbsp;<\/a><\/pre>\n<\/div>\n<div>\n<pre>Profesorado de Educaci\u00f3n Inicial (Alumnos que ingresaron desde el 2015 a la fecha):&nbsp;<a href=\"https:\/\/docs.google.com\/forms\/d\/e\/1FAIpQLSdK1SkdGHZwST76iJsX3ozkPFKkhj5aaFkM3HY6niwBrJFhcA\/viewform?usp=sf_link\" target=\"_blank\" rel=\"noopener\" data-saferedirecturl=\"https:\/\/www.google.com\/url?q=https:\/\/docs.google.com\/forms\/d\/e\/1FAIpQLSeLl7L4-m_33Co_DKmNdgN2Pt4JUdeHheQ2meFkPvpiQlcXtg\/viewform?usp%3Dsf_link&amp;source=gmail&amp;ust=1616584388979000&amp;usg=AFQjCNHMNYdlzGRfq4QZlMaV6wQd9JyzDw\">https:\/\/docs.google.<wbr>com\/forms\/d\/e\/1FAIpQLSeLl7L4-<wbr>m_33Co_<wbr>DKmNdgN2Pt4JUdeHheQ2meFkPvpiQl<wbr>cXtg\/viewform?usp=sf_link<\/a><\/pre>\n<\/div>\n<pre>PROFESORADO DE LENGUA Y LITERATURA:&nbsp;<a href=\"https:\/\/docs.google.com\/forms\/d\/e\/1FAIpQLScTnVa6IWAe_ls8hloochY6uIu4I7orjuR01A0DAApJLdN-QA\/viewform?usp=sf_link\" target=\"_blank\" rel=\"noopener\" data-saferedirecturl=\"https:\/\/www.google.com\/url?q=https:\/\/docs.google.com\/forms\/d\/e\/1FAIpQLSctJYkv2NW1mCcMo39qK-GORCeStExfL14nPrOm1lwHM57lpg\/viewform?usp%3Dsf_link&amp;source=gmail&amp;ust=1616584388979000&amp;usg=AFQjCNFSJ58ZXuTHJ1S-AbSYv8Dv6e2S9Q\">https:\/\/docs.<wbr>google.com\/forms\/d\/e\/<wbr>1FAIpQLSctJYkv2NW1mCcMo39qK-<wbr>GORCeStExfL14nPrOm1lwHM57lpg\/<wbr>viewform?usp=sf_link&nbsp;<\/a><\/pre>\n<div><\/div>\n<div><\/div>\n<div><\/div>\n<div><\/div>\n<div><\/div>\n","protected":false},"excerpt":{"rendered":"<p>HORARIOS DE CURSADO &#8211; 2\u00b0 CUATRIMESTRE Se publicar\u00e1n cuando se defina la modalidad de cursado. INSCRIPCIONES PARA PR\u00c1CTICA PROFESIONAL DOCENTE IV Los formularios estar\u00e1n disponibles a partir de la finalizaci\u00f3n de las mesas de ex\u00e1menes del turno julio (luego del 09\/08). PROFESORADO DE BIOLOG\u00cdA:&nbsp;https:\/\/docs.google.com\/forms\/d\/e\/1FAIpQLScPjjdToecIHIKdGW9QpmeKqak1h5_nBL5DJ3oaeTm6oImL6g\/viewform?usp=sf_link Profesorado de Educaci\u00f3n Inicial (Formulario para alumnos que ingresaron hasta 2014 &#8230; <a title=\"Inscripciones Cuatrimestrales\" class=\"read-more\" href=\"https:\/\/ens9002-infd.mendoza.edu.ar\/sitio\/7524-2\/\" aria-label=\"More on Inscripciones Cuatrimestrales\">[+]<\/a><\/p>\n","protected":false},"author":4776,"featured_media":0,"parent":0,"menu_order":0,"comment_status":"closed","ping_status":"closed","template":"","meta":[],"acf":[],"_links":{"self":[{"href":"https:\/\/ens9002-infd.mendoza.edu.ar\/sitio\/wp-json\/wp\/v2\/pages\/7524"}],"collection":[{"href":"https:\/\/ens9002-infd.mendoza.edu.ar\/sitio\/wp-json\/wp\/v2\/pages"}],"about":[{"href":"https:\/\/ens9002-infd.mendoza.edu.ar\/sitio\/wp-json\/wp\/v2\/types\/page"}],"author":[{"embeddable":true,"href":"https:\/\/ens9002-infd.mendoza.edu.ar\/sitio\/wp-json\/wp\/v2\/users\/4776"}],"replies":[{"embeddable":true,"href":"https:\/\/ens9002-infd.mendoza.edu.ar\/sitio\/wp-json\/wp\/v2\/comments?post=7524"}],"version-history":[{"count":22,"href":"https:\/\/ens9002-infd.mendoza.edu.ar\/sitio\/wp-json\/wp\/v2\/pages\/7524\/revisions"}],"predecessor-version":[{"id":8559,"href":"https:\/\/ens9002-infd.mendoza.edu.ar\/sitio\/wp-json\/wp\/v2\/pages\/7524\/revisions\/8559"}],"wp:attachment":[{"href":"https:\/\/ens9002-infd.mendoza.edu.ar\/sitio\/wp-json\/wp\/v2\/media?parent=7524"}],"curies":[{"name":"wp","href":"https:\/\/api.w.org\/{rel}","templated":true}]}}