{"id":7785,"date":"2021-04-14T11:59:59","date_gmt":"2021-04-14T14:59:59","guid":{"rendered":"https:\/\/ens9002-infd.mendoza.edu.ar\/sitio\/?page_id=7785"},"modified":"2023-05-19T13:25:39","modified_gmt":"2023-05-19T16:25:39","slug":"fortalecimiento-a-las-trayectorias-educativas","status":"publish","type":"page","link":"https:\/\/ens9002-infd.mendoza.edu.ar\/sitio\/fortalecimiento-a-las-trayectorias-educativas\/","title":{"rendered":"Plan de fortalecimiento a las trayectorias educativas"},"content":{"rendered":"\n<figure class=\"wp-block-image size-full\"><img decoding=\"async\" loading=\"lazy\" width=\"1080\" height=\"1080\" src=\"https:\/\/ens9002-infd.mendoza.edu.ar\/sitio\/wp-content\/uploads\/2023\/05\/Plan-de-Fortalecimiento-a-las-Trayectorias-estudiantiles-4-2.png\" alt=\"\" class=\"wp-image-13264\" srcset=\"https:\/\/ens9002-infd.mendoza.edu.ar\/sitio\/wp-content\/uploads\/2023\/05\/Plan-de-Fortalecimiento-a-las-Trayectorias-estudiantiles-4-2.png 1080w, https:\/\/ens9002-infd.mendoza.edu.ar\/sitio\/wp-content\/uploads\/2023\/05\/Plan-de-Fortalecimiento-a-las-Trayectorias-estudiantiles-4-2-1000x1000.png 1000w, https:\/\/ens9002-infd.mendoza.edu.ar\/sitio\/wp-content\/uploads\/2023\/05\/Plan-de-Fortalecimiento-a-las-Trayectorias-estudiantiles-4-2-500x500.png 500w, https:\/\/ens9002-infd.mendoza.edu.ar\/sitio\/wp-content\/uploads\/2023\/05\/Plan-de-Fortalecimiento-a-las-Trayectorias-estudiantiles-4-2-768x768.png 768w\" sizes=\"(max-width: 1080px) 100vw, 1080px\" \/><\/figure>\n\n\n\n<figure class=\"wp-block-image size-full\"><img decoding=\"async\" loading=\"lazy\" width=\"1080\" height=\"1080\" src=\"https:\/\/ens9002-infd.mendoza.edu.ar\/sitio\/wp-content\/uploads\/2023\/05\/Plan-de-Fortalecimiento-a-las-Trayectorias-estudiantiles.png\" alt=\"\" class=\"wp-image-13233\" srcset=\"https:\/\/ens9002-infd.mendoza.edu.ar\/sitio\/wp-content\/uploads\/2023\/05\/Plan-de-Fortalecimiento-a-las-Trayectorias-estudiantiles.png 1080w, https:\/\/ens9002-infd.mendoza.edu.ar\/sitio\/wp-content\/uploads\/2023\/05\/Plan-de-Fortalecimiento-a-las-Trayectorias-estudiantiles-1000x1000.png 1000w, https:\/\/ens9002-infd.mendoza.edu.ar\/sitio\/wp-content\/uploads\/2023\/05\/Plan-de-Fortalecimiento-a-las-Trayectorias-estudiantiles-500x500.png 500w, https:\/\/ens9002-infd.mendoza.edu.ar\/sitio\/wp-content\/uploads\/2023\/05\/Plan-de-Fortalecimiento-a-las-Trayectorias-estudiantiles-768x768.png 768w\" sizes=\"(max-width: 1080px) 100vw, 1080px\" \/><\/figure>\n\n\n\n<figure class=\"wp-block-image size-full\"><img decoding=\"async\" loading=\"lazy\" width=\"1080\" height=\"1080\" src=\"https:\/\/ens9002-infd.mendoza.edu.ar\/sitio\/wp-content\/uploads\/2023\/05\/Plan-de-Fortalecimiento-a-las-Trayectorias-estudiantiles-1.png\" alt=\"\" class=\"wp-image-13235\" srcset=\"https:\/\/ens9002-infd.mendoza.edu.ar\/sitio\/wp-content\/uploads\/2023\/05\/Plan-de-Fortalecimiento-a-las-Trayectorias-estudiantiles-1.png 1080w, https:\/\/ens9002-infd.mendoza.edu.ar\/sitio\/wp-content\/uploads\/2023\/05\/Plan-de-Fortalecimiento-a-las-Trayectorias-estudiantiles-1-1000x1000.png 1000w, https:\/\/ens9002-infd.mendoza.edu.ar\/sitio\/wp-content\/uploads\/2023\/05\/Plan-de-Fortalecimiento-a-las-Trayectorias-estudiantiles-1-500x500.png 500w, https:\/\/ens9002-infd.mendoza.edu.ar\/sitio\/wp-content\/uploads\/2023\/05\/Plan-de-Fortalecimiento-a-las-Trayectorias-estudiantiles-1-768x768.png 768w\" sizes=\"(max-width: 1080px) 100vw, 1080px\" \/><\/figure>\n\n\n\n<figure class=\"wp-block-image size-full\"><img decoding=\"async\" loading=\"lazy\" width=\"1080\" height=\"1080\" src=\"https:\/\/ens9002-infd.mendoza.edu.ar\/sitio\/wp-content\/uploads\/2023\/05\/Plan-de-Fortalecimiento-a-las-Trayectorias-estudiantiles-2.png\" alt=\"\" class=\"wp-image-13236\" srcset=\"https:\/\/ens9002-infd.mendoza.edu.ar\/sitio\/wp-content\/uploads\/2023\/05\/Plan-de-Fortalecimiento-a-las-Trayectorias-estudiantiles-2.png 1080w, https:\/\/ens9002-infd.mendoza.edu.ar\/sitio\/wp-content\/uploads\/2023\/05\/Plan-de-Fortalecimiento-a-las-Trayectorias-estudiantiles-2-1000x1000.png 1000w, https:\/\/ens9002-infd.mendoza.edu.ar\/sitio\/wp-content\/uploads\/2023\/05\/Plan-de-Fortalecimiento-a-las-Trayectorias-estudiantiles-2-500x500.png 500w, https:\/\/ens9002-infd.mendoza.edu.ar\/sitio\/wp-content\/uploads\/2023\/05\/Plan-de-Fortalecimiento-a-las-Trayectorias-estudiantiles-2-768x768.png 768w\" sizes=\"(max-width: 1080px) 100vw, 1080px\" \/><\/figure>\n\n\n\n<figure class=\"wp-block-image size-full\"><img decoding=\"async\" loading=\"lazy\" width=\"1080\" height=\"1080\" src=\"https:\/\/ens9002-infd.mendoza.edu.ar\/sitio\/wp-content\/uploads\/2023\/05\/Plan-de-Fortalecimiento-a-las-Trayectorias-estudiantiles-3.png\" alt=\"\" class=\"wp-image-13237\" srcset=\"https:\/\/ens9002-infd.mendoza.edu.ar\/sitio\/wp-content\/uploads\/2023\/05\/Plan-de-Fortalecimiento-a-las-Trayectorias-estudiantiles-3.png 1080w, https:\/\/ens9002-infd.mendoza.edu.ar\/sitio\/wp-content\/uploads\/2023\/05\/Plan-de-Fortalecimiento-a-las-Trayectorias-estudiantiles-3-1000x1000.png 1000w, https:\/\/ens9002-infd.mendoza.edu.ar\/sitio\/wp-content\/uploads\/2023\/05\/Plan-de-Fortalecimiento-a-las-Trayectorias-estudiantiles-3-500x500.png 500w, https:\/\/ens9002-infd.mendoza.edu.ar\/sitio\/wp-content\/uploads\/2023\/05\/Plan-de-Fortalecimiento-a-las-Trayectorias-estudiantiles-3-768x768.png 768w\" sizes=\"(max-width: 1080px) 100vw, 1080px\" \/><\/figure>\n\n\n\n<figure class=\"wp-block-pullquote has-text-color has-medium-font-size\" style=\"color:#f8a201\"><blockquote><p><strong>RECORD\u00c1<\/strong>: El proceso es de evaluaci\u00f3n continua.<\/p><\/blockquote><\/figure>\n\n\n\n<p class=\"has-white-color has-text-color has-background\" style=\"background:linear-gradient(284deg,rgb(252,185,0) 0%,rgb(255,105,0) 69%);font-size:25px\"><strong>INSCRIPCIONES<\/strong><\/p>\n\n\n\n<ul>\n<li>PROFESORADO DE <strong>ARTES VISUALES<\/strong> &#8211; <a rel=\"noreferrer noopener\" href=\"https:\/\/docs.google.com\/forms\/d\/1FSbLsboSxVL2OY4LHzpRKiSCSJRdoekhSie8DVJV4Bc\/edit\" data-type=\"URL\" data-id=\"https:\/\/docs.google.com\/forms\/d\/1FSbLsboSxVL2OY4LHzpRKiSCSJRdoekhSie8DVJV4Bc\/edit\" target=\"_blank\">clic aqu\u00ed<\/a><\/li>\n<\/ul>\n\n\n\n<ul>\n<li>PROFESORADO EN <strong>BIOLOG\u00cdA<\/strong> &#8211;<a rel=\"noreferrer noopener\" href=\"https:\/\/docs.google.com\/forms\/d\/1_xkbxRd3dqFo1sFx1IKr3KTszw0ISg7DoLFFUMZtpqQ\/edi\" data-type=\"URL\" data-id=\"https:\/\/docs.google.com\/forms\/d\/1_xkbxRd3dqFo1sFx1IKr3KTszw0ISg7DoLFFUMZtpqQ\/edi\" target=\"_blank\"> <\/a><a href=\"https:\/\/docs.google.com\/forms\/d\/1_xkbxRd3dqFo1sFx1IKr3KTszw0ISg7DoLFFUMZtpqQ\/viewform?edit_requested=true\" data-type=\"URL\" data-id=\"https:\/\/docs.google.com\/forms\/d\/1_xkbxRd3dqFo1sFx1IKr3KTszw0ISg7DoLFFUMZtpqQ\/viewform?edit_requested=true\" target=\"_blank\" rel=\"noreferrer noopener\">clic aqu\u00ed<\/a><\/li>\n<\/ul>\n\n\n\n<ul>\n<li>PROFESORADO DE <strong>EDUCACI\u00d3N<\/strong> <strong>INICIAL<\/strong> &#8211; <a rel=\"noreferrer noopener\" href=\"https:\/\/docs.google.com\/forms\/d\/1f7lxTtfFV5xe_0ahAUpPYfsnnBQFfIy0xr8USc8sfm0\/edit\" data-type=\"URL\" data-id=\"https:\/\/docs.google.com\/forms\/d\/1f7lxTtfFV5xe_0ahAUpPYfsnnBQFfIy0xr8USc8sfm0\/edit\" target=\"_blank\">clic aqu\u00ed<\/a><\/li>\n<\/ul>\n\n\n\n<ul>\n<li>PROFESORADO DE<strong> EDUCACI\u00d3N PRIMARIA<\/strong> &#8211; <a rel=\"noreferrer noopener\" href=\"https:\/\/docs.google.com\/forms\/d\/1CidFG5crb5mDK28PfohiMYJ92UeALbOwEM6xmE9E_YA\/edit\" data-type=\"URL\" data-id=\"https:\/\/docs.google.com\/forms\/d\/1CidFG5crb5mDK28PfohiMYJ92UeALbOwEM6xmE9E_YA\/edit\" target=\"_blank\">clic aqu\u00ed<\/a><\/li>\n<\/ul>\n\n\n\n<ul>\n<li>PROFESORADO EN <strong>LENGUA Y LITERATURA<\/strong> &#8211; <a href=\"https:\/\/docs.google.com\/forms\/d\/1czQuJ2eneYyHFQiy4W8-qqLXOTEPENprP-lxFEhiaAs\/edit\" data-type=\"URL\" data-id=\"https:\/\/docs.google.com\/forms\/d\/1czQuJ2eneYyHFQiy4W8-qqLXOTEPENprP-lxFEhiaAs\/edit\" target=\"_blank\" rel=\"noreferrer noopener\">clic aqu\u00ed<\/a><\/li>\n<\/ul>\n\n\n\n<ul>\n<li>PROFESORADO EN <strong>MATEM\u00c1TICA<\/strong> &#8211; <a href=\"https:\/\/docs.google.com\/forms\/d\/1vB5PRM-pPnufNn1GYUW1nnle7TGlJ12YpIVLbID71c4\/edit\" data-type=\"URL\" data-id=\"https:\/\/docs.google.com\/forms\/d\/1vB5PRM-pPnufNn1GYUW1nnle7TGlJ12YpIVLbID71c4\/edit\" target=\"_blank\" rel=\"noreferrer noopener\">clic aqu\u00ed<\/a><\/li>\n<\/ul>\n\n\n\n<ul>\n<li>PROFESORADO EN <strong>QU\u00cdMICA<\/strong> &#8211; <a href=\"https:\/\/docs.google.com\/forms\/d\/1U2ZPB3SEiXpYVTVt3DwExycQvuyFKKD0MvempHq2kts\/edit\" data-type=\"URL\" data-id=\"https:\/\/docs.google.com\/forms\/d\/1U2ZPB3SEiXpYVTVt3DwExycQvuyFKKD0MvempHq2kts\/edit\" target=\"_blank\" rel=\"noreferrer noopener\">clic aqu\u00ed<\/a><\/li>\n<\/ul>\n\n\n\n<p class=\"has-white-color has-white-background-color has-text-color has-background\" style=\"font-size:18px\"><\/p>\n\n\n\n<p class=\"has-white-color has-text-color has-background has-medium-font-size\" style=\"background:linear-gradient(84deg,rgb(74,234,220) 0%,rgb(151,120,209) 20%,rgb(207,42,186) 40%,rgb(238,44,130) 60%,rgb(251,105,98) 80%,rgb(254,248,76) 100%)\"><strong>HORARIOS DE ATENCI\u00d3N PRESENCIAL<\/strong><\/p>\n\n\n\n<ul>\n<li><strong>COORDINADORA<\/strong>: Profesora CECILIA ALMONACID &#8211; Lunes de 10.30 a 12.30 h y jueves de 15.10 a 17.10 h<\/li>\n<\/ul>\n\n\n\n<ul>\n<li><strong>ACOMPA\u00d1AMIENTO ESTUDIANTIL:<\/strong> Licenciada MARTINA VEGA &#8211; Lunes de 10 a 12 h<\/li>\n<\/ul>\n\n\n\n<pre class=\"wp-block-verse\"><strong>CONTACTO: fortalecimientotgc@gmail.com<\/strong><\/pre>\n\n\n\n<p><\/p>\n","protected":false},"excerpt":{"rendered":"<p>RECORD\u00c1: El proceso es de evaluaci\u00f3n continua. INSCRIPCIONES HORARIOS DE ATENCI\u00d3N PRESENCIAL CONTACTO: fortalecimientotgc@gmail.com<\/p>\n","protected":false},"author":4776,"featured_media":0,"parent":0,"menu_order":0,"comment_status":"closed","ping_status":"closed","template":"","meta":[],"acf":[],"_links":{"self":[{"href":"https:\/\/ens9002-infd.mendoza.edu.ar\/sitio\/wp-json\/wp\/v2\/pages\/7785"}],"collection":[{"href":"https:\/\/ens9002-infd.mendoza.edu.ar\/sitio\/wp-json\/wp\/v2\/pages"}],"about":[{"href":"https:\/\/ens9002-infd.mendoza.edu.ar\/sitio\/wp-json\/wp\/v2\/types\/page"}],"author":[{"embeddable":true,"href":"https:\/\/ens9002-infd.mendoza.edu.ar\/sitio\/wp-json\/wp\/v2\/users\/4776"}],"replies":[{"embeddable":true,"href":"https:\/\/ens9002-infd.mendoza.edu.ar\/sitio\/wp-json\/wp\/v2\/comments?post=7785"}],"version-history":[{"count":40,"href":"https:\/\/ens9002-infd.mendoza.edu.ar\/sitio\/wp-json\/wp\/v2\/pages\/7785\/revisions"}],"predecessor-version":[{"id":13265,"href":"https:\/\/ens9002-infd.mendoza.edu.ar\/sitio\/wp-json\/wp\/v2\/pages\/7785\/revisions\/13265"}],"wp:attachment":[{"href":"https:\/\/ens9002-infd.mendoza.edu.ar\/sitio\/wp-json\/wp\/v2\/media?parent=7785"}],"curies":[{"name":"wp","href":"https:\/\/api.w.org\/{rel}","templated":true}]}}