{"id":7839,"date":"2021-04-20T18:15:05","date_gmt":"2021-04-20T21:15:05","guid":{"rendered":"https:\/\/ens9002-infd.mendoza.edu.ar\/sitio\/?page_id=7839"},"modified":"2021-08-10T19:52:47","modified_gmt":"2021-08-10T22:52:47","slug":"solicitud-turno-utilizacion-de-netbook","status":"publish","type":"page","link":"https:\/\/ens9002-infd.mendoza.edu.ar\/sitio\/solicitud-turno-utilizacion-de-netbook\/","title":{"rendered":"Turno para uso de netbook y zona wi-fi"},"content":{"rendered":"<h3 style=\"text-align: center;\"><img decoding=\"async\" loading=\"lazy\" class=\"alignnone  wp-image-7849\" src=\"https:\/\/ens9002-infd.mendoza.edu.ar\/sitio\/wp-content\/uploads\/2021\/04\/Banner-interno-Turnos.jpg\" alt=\"\" width=\"836\" height=\"151\"><\/h3>\n<pre>Para asistir al instituto y usar netbook y WIFI, <a href=\"https:\/\/drive.google.com\/file\/d\/1dDcOXqLy2hrKj47Xa2_JKzA5Q97B-7Rc\/view?usp=sharing\">anotate aqu\u00ed<\/a>.<\/pre>\n<p>Record\u00e1 que ten\u00e9s que respetar los horarios y los cupos que ya se ocuparon. Cada semana, deber\u00e1s renovar tu turno: ingresar nuevamente al documento y llenarlo con tus datos.<\/p>\n","protected":false},"excerpt":{"rendered":"<p>Para asistir al instituto y usar netbook y WIFI, anotate aqu\u00ed. Record\u00e1 que ten\u00e9s que respetar los horarios y los cupos que ya se ocuparon. Cada semana, deber\u00e1s renovar tu turno: ingresar nuevamente al documento y llenarlo con tus datos.<\/p>\n","protected":false},"author":4776,"featured_media":0,"parent":0,"menu_order":0,"comment_status":"closed","ping_status":"closed","template":"","meta":[],"acf":[],"_links":{"self":[{"href":"https:\/\/ens9002-infd.mendoza.edu.ar\/sitio\/wp-json\/wp\/v2\/pages\/7839"}],"collection":[{"href":"https:\/\/ens9002-infd.mendoza.edu.ar\/sitio\/wp-json\/wp\/v2\/pages"}],"about":[{"href":"https:\/\/ens9002-infd.mendoza.edu.ar\/sitio\/wp-json\/wp\/v2\/types\/page"}],"author":[{"embeddable":true,"href":"https:\/\/ens9002-infd.mendoza.edu.ar\/sitio\/wp-json\/wp\/v2\/users\/4776"}],"replies":[{"embeddable":true,"href":"https:\/\/ens9002-infd.mendoza.edu.ar\/sitio\/wp-json\/wp\/v2\/comments?post=7839"}],"version-history":[{"count":6,"href":"https:\/\/ens9002-infd.mendoza.edu.ar\/sitio\/wp-json\/wp\/v2\/pages\/7839\/revisions"}],"predecessor-version":[{"id":8562,"href":"https:\/\/ens9002-infd.mendoza.edu.ar\/sitio\/wp-json\/wp\/v2\/pages\/7839\/revisions\/8562"}],"wp:attachment":[{"href":"https:\/\/ens9002-infd.mendoza.edu.ar\/sitio\/wp-json\/wp\/v2\/media?parent=7839"}],"curies":[{"name":"wp","href":"https:\/\/api.w.org\/{rel}","templated":true}]}}