{"id":9172,"date":"2021-09-30T11:04:10","date_gmt":"2021-09-30T14:04:10","guid":{"rendered":"https:\/\/ens9002-infd.mendoza.edu.ar\/sitio\/?page_id=9172"},"modified":"2022-04-11T16:13:10","modified_gmt":"2022-04-11T19:13:10","slug":"cuadernillo-2022","status":"publish","type":"page","link":"https:\/\/ens9002-infd.mendoza.edu.ar\/sitio\/cuadernillo-2022\/","title":{"rendered":"Cuadernillo 2022"},"content":{"rendered":"\n<figure class=\"wp-block-image size-full\"><img decoding=\"async\" loading=\"lazy\" width=\"1920\" height=\"400\" src=\"https:\/\/ens9002-infd.mendoza.edu.ar\/sitio\/wp-content\/uploads\/2021\/09\/CUADERNILLOS-copia.gif\" alt=\"\" class=\"wp-image-9177\"\/><\/figure>\n\n\n\n<p class=\"has-white-color has-text-color has-background has-medium-font-size\" style=\"background-color:#e28513\"><strong>CUADERNILLO II<\/strong> | ESTACI\u00d3N III | <strong>Deb\u00e9s acceder SOLO al que corresponde a tu carrera &#8211; <\/strong>Hac\u00e9 <strong>clic en la imagen<\/strong> para descargar<\/p>\n\n\n\n<p><\/p>\n\n\n\n<p>Los <strong>cuadernillos, correspondientes a la Estaci\u00f3n III<\/strong>, presentan producciones pedag\u00f3gicas que te permitir\u00e1n prepararte para la evaluaci\u00f3n de ingreso a la carrera elegida.<\/p>\n\n\n\n<p><strong>Aclaraciones<\/strong>:<br>\u2022 Deber\u00e1s trabajarlos de manera aut\u00f3noma y autogestiva.<br>\u2022 Los cuadernillos resueltos no se entregan.<br><\/p>\n\n\n\n<p><strong>Recordatorio<\/strong>:<br>Como protagonista de tu propio proceso de aprendizaje, record\u00e1 prestar atenci\u00f3n a las publicaciones del instituto, para enterarte de todas las novedades.<\/p>\n\n\n\n<div class=\"wp-block-columns is-layout-flex wp-container-4\">\n<div class=\"wp-block-column is-layout-flow\">\n<figure class=\"wp-block-image size-large\"><a href=\"https:\/\/drive.google.com\/file\/d\/1IjvXxzSKe3rGM8NGTG_yCD83_bjFjfnC\/view?usp=sharing\" target=\"_blank\" rel=\"noopener\"><img decoding=\"async\" loading=\"lazy\" width=\"1344\" height=\"1900\" src=\"https:\/\/ens9002-infd.mendoza.edu.ar\/sitio\/wp-content\/uploads\/2021\/09\/Caratula-PEI-1344x1900.jpg\" alt=\"\" class=\"wp-image-9142\" srcset=\"https:\/\/ens9002-infd.mendoza.edu.ar\/sitio\/wp-content\/uploads\/2021\/09\/Caratula-PEI-1344x1900.jpg 1344w, https:\/\/ens9002-infd.mendoza.edu.ar\/sitio\/wp-content\/uploads\/2021\/09\/Caratula-PEI-707x1000.jpg 707w, https:\/\/ens9002-infd.mendoza.edu.ar\/sitio\/wp-content\/uploads\/2021\/09\/Caratula-PEI-768x1086.jpg 768w, https:\/\/ens9002-infd.mendoza.edu.ar\/sitio\/wp-content\/uploads\/2021\/09\/Caratula-PEI-1086x1536.jpg 1086w, https:\/\/ens9002-infd.mendoza.edu.ar\/sitio\/wp-content\/uploads\/2021\/09\/Caratula-PEI-1448x2048.jpg 1448w, https:\/\/ens9002-infd.mendoza.edu.ar\/sitio\/wp-content\/uploads\/2021\/09\/Caratula-PEI-scaled.jpg 1810w\" sizes=\"(max-width: 1344px) 100vw, 1344px\" \/><\/a><\/figure>\n\n\n\n<figure class=\"wp-block-image size-large is-resized\"><a href=\"https:\/\/ens9002-infd.mendoza.edu.ar\/sitio\/wp-content\/uploads\/2021\/09\/INGRESO-FISICA-2022-r.pdf\" target=\"_blank\" rel=\"noopener\"><img decoding=\"async\" loading=\"lazy\" src=\"https:\/\/ens9002-infd.mendoza.edu.ar\/sitio\/wp-content\/uploads\/2021\/09\/Caratula-Fisica-1344x1900.jpg\" alt=\"\" class=\"wp-image-9139\" width=\"319\" height=\"450\" srcset=\"https:\/\/ens9002-infd.mendoza.edu.ar\/sitio\/wp-content\/uploads\/2021\/09\/Caratula-Fisica-1344x1900.jpg 1344w, https:\/\/ens9002-infd.mendoza.edu.ar\/sitio\/wp-content\/uploads\/2021\/09\/Caratula-Fisica-707x1000.jpg 707w, https:\/\/ens9002-infd.mendoza.edu.ar\/sitio\/wp-content\/uploads\/2021\/09\/Caratula-Fisica-768x1086.jpg 768w, https:\/\/ens9002-infd.mendoza.edu.ar\/sitio\/wp-content\/uploads\/2021\/09\/Caratula-Fisica-1086x1536.jpg 1086w, https:\/\/ens9002-infd.mendoza.edu.ar\/sitio\/wp-content\/uploads\/2021\/09\/Caratula-Fisica-1448x2048.jpg 1448w, https:\/\/ens9002-infd.mendoza.edu.ar\/sitio\/wp-content\/uploads\/2021\/09\/Caratula-Fisica-scaled.jpg 1810w\" sizes=\"(max-width: 319px) 100vw, 319px\" \/><\/a><\/figure>\n\n\n\n<figure class=\"wp-block-image size-large is-resized\"><a href=\"https:\/\/drive.google.com\/file\/d\/1C-7QQRX7IPxQAxWHExJwOkzybbMl1aUz\/view?usp=sharing\" target=\"_blank\" rel=\"noopener\"><img decoding=\"async\" loading=\"lazy\" src=\"https:\/\/ens9002-infd.mendoza.edu.ar\/sitio\/wp-content\/uploads\/2021\/09\/Cuadernillo-Lengua-1344x1900.jpg\" alt=\"\" class=\"wp-image-9136\" width=\"319\" height=\"450\" srcset=\"https:\/\/ens9002-infd.mendoza.edu.ar\/sitio\/wp-content\/uploads\/2021\/09\/Cuadernillo-Lengua-1344x1900.jpg 1344w, https:\/\/ens9002-infd.mendoza.edu.ar\/sitio\/wp-content\/uploads\/2021\/09\/Cuadernillo-Lengua-707x1000.jpg 707w, https:\/\/ens9002-infd.mendoza.edu.ar\/sitio\/wp-content\/uploads\/2021\/09\/Cuadernillo-Lengua-768x1086.jpg 768w, https:\/\/ens9002-infd.mendoza.edu.ar\/sitio\/wp-content\/uploads\/2021\/09\/Cuadernillo-Lengua-1086x1536.jpg 1086w, https:\/\/ens9002-infd.mendoza.edu.ar\/sitio\/wp-content\/uploads\/2021\/09\/Cuadernillo-Lengua-1448x2048.jpg 1448w, https:\/\/ens9002-infd.mendoza.edu.ar\/sitio\/wp-content\/uploads\/2021\/09\/Cuadernillo-Lengua-scaled.jpg 1810w\" sizes=\"(max-width: 319px) 100vw, 319px\" \/><\/a><\/figure>\n\n\n\n<figure class=\"wp-block-image size-large is-resized\"><a href=\"https:\/\/drive.google.com\/file\/d\/1amoJmoNlhkpUMnjMQ37bZQUtoI-K_9WE\/view?usp=sharing\"><img decoding=\"async\" loading=\"lazy\" src=\"https:\/\/ens9002-infd.mendoza.edu.ar\/sitio\/wp-content\/uploads\/2021\/09\/Caratula-Tecnictura-1344x1900.jpg\" alt=\"\" class=\"wp-image-9145\" width=\"319\" height=\"450\" srcset=\"https:\/\/ens9002-infd.mendoza.edu.ar\/sitio\/wp-content\/uploads\/2021\/09\/Caratula-Tecnictura-1344x1900.jpg 1344w, https:\/\/ens9002-infd.mendoza.edu.ar\/sitio\/wp-content\/uploads\/2021\/09\/Caratula-Tecnictura-707x1000.jpg 707w, https:\/\/ens9002-infd.mendoza.edu.ar\/sitio\/wp-content\/uploads\/2021\/09\/Caratula-Tecnictura-768x1086.jpg 768w, https:\/\/ens9002-infd.mendoza.edu.ar\/sitio\/wp-content\/uploads\/2021\/09\/Caratula-Tecnictura-1086x1536.jpg 1086w, https:\/\/ens9002-infd.mendoza.edu.ar\/sitio\/wp-content\/uploads\/2021\/09\/Caratula-Tecnictura-1448x2048.jpg 1448w, https:\/\/ens9002-infd.mendoza.edu.ar\/sitio\/wp-content\/uploads\/2021\/09\/Caratula-Tecnictura-scaled.jpg 1810w\" sizes=\"(max-width: 319px) 100vw, 319px\" \/><\/a><\/figure>\n\n\n\n<p><\/p>\n<\/div>\n\n\n\n<div class=\"wp-block-column is-layout-flow\">\n<figure class=\"wp-block-image size-large\"><a href=\"https:\/\/drive.google.com\/file\/d\/1d9FgXgXRW0ki-6xrD8vFLCDapx-ioFUv\/view?usp=sharing\" target=\"_blank\" rel=\"noopener\"><img decoding=\"async\" loading=\"lazy\" width=\"1344\" height=\"1900\" src=\"https:\/\/ens9002-infd.mendoza.edu.ar\/sitio\/wp-content\/uploads\/2021\/09\/Caratula-Quimica-1344x1900.jpg\" alt=\"\" class=\"wp-image-9144\" srcset=\"https:\/\/ens9002-infd.mendoza.edu.ar\/sitio\/wp-content\/uploads\/2021\/09\/Caratula-Quimica-1344x1900.jpg 1344w, https:\/\/ens9002-infd.mendoza.edu.ar\/sitio\/wp-content\/uploads\/2021\/09\/Caratula-Quimica-707x1000.jpg 707w, https:\/\/ens9002-infd.mendoza.edu.ar\/sitio\/wp-content\/uploads\/2021\/09\/Caratula-Quimica-768x1086.jpg 768w, https:\/\/ens9002-infd.mendoza.edu.ar\/sitio\/wp-content\/uploads\/2021\/09\/Caratula-Quimica-1086x1536.jpg 1086w, https:\/\/ens9002-infd.mendoza.edu.ar\/sitio\/wp-content\/uploads\/2021\/09\/Caratula-Quimica-1448x2048.jpg 1448w, https:\/\/ens9002-infd.mendoza.edu.ar\/sitio\/wp-content\/uploads\/2021\/09\/Caratula-Quimica-scaled.jpg 1810w\" sizes=\"(max-width: 1344px) 100vw, 1344px\" \/><\/a><figcaption> <\/figcaption><\/figure>\n\n\n\n<figure class=\"wp-block-image size-large is-resized\"><a href=\"https:\/\/drive.google.com\/file\/d\/1dhO6gRNYcOyRVyrUUq-oh8omLbl54EuS\/view?usp=sharing\" target=\"_blank\" rel=\"noopener\"><img decoding=\"async\" loading=\"lazy\" src=\"https:\/\/ens9002-infd.mendoza.edu.ar\/sitio\/wp-content\/uploads\/2021\/09\/Caratula-PEE-1344x1900.jpg\" alt=\"\" class=\"wp-image-9141\" width=\"319\" height=\"450\" srcset=\"https:\/\/ens9002-infd.mendoza.edu.ar\/sitio\/wp-content\/uploads\/2021\/09\/Caratula-PEE-1344x1900.jpg 1344w, https:\/\/ens9002-infd.mendoza.edu.ar\/sitio\/wp-content\/uploads\/2021\/09\/Caratula-PEE-707x1000.jpg 707w, https:\/\/ens9002-infd.mendoza.edu.ar\/sitio\/wp-content\/uploads\/2021\/09\/Caratula-PEE-768x1086.jpg 768w, https:\/\/ens9002-infd.mendoza.edu.ar\/sitio\/wp-content\/uploads\/2021\/09\/Caratula-PEE-1086x1536.jpg 1086w, https:\/\/ens9002-infd.mendoza.edu.ar\/sitio\/wp-content\/uploads\/2021\/09\/Caratula-PEE-1448x2048.jpg 1448w, https:\/\/ens9002-infd.mendoza.edu.ar\/sitio\/wp-content\/uploads\/2021\/09\/Caratula-PEE-scaled.jpg 1810w\" sizes=\"(max-width: 319px) 100vw, 319px\" \/><\/a><\/figure>\n\n\n\n<figure class=\"wp-block-image size-large\"><a href=\"https:\/\/drive.google.com\/file\/d\/1kOLOuxWvPboswBUH-hCkXm_o7mvtTXJg\/view?usp=sharing\" target=\"_blank\" rel=\"noopener\"><img decoding=\"async\" loading=\"lazy\" width=\"1344\" height=\"1900\" src=\"https:\/\/ens9002-infd.mendoza.edu.ar\/sitio\/wp-content\/uploads\/2021\/09\/Caratula-Biologia-1344x1900.jpg\" alt=\"\" class=\"wp-image-9138\" srcset=\"https:\/\/ens9002-infd.mendoza.edu.ar\/sitio\/wp-content\/uploads\/2021\/09\/Caratula-Biologia-1344x1900.jpg 1344w, https:\/\/ens9002-infd.mendoza.edu.ar\/sitio\/wp-content\/uploads\/2021\/09\/Caratula-Biologia-707x1000.jpg 707w, https:\/\/ens9002-infd.mendoza.edu.ar\/sitio\/wp-content\/uploads\/2021\/09\/Caratula-Biologia-768x1086.jpg 768w, https:\/\/ens9002-infd.mendoza.edu.ar\/sitio\/wp-content\/uploads\/2021\/09\/Caratula-Biologia-1086x1536.jpg 1086w, https:\/\/ens9002-infd.mendoza.edu.ar\/sitio\/wp-content\/uploads\/2021\/09\/Caratula-Biologia-1448x2048.jpg 1448w, https:\/\/ens9002-infd.mendoza.edu.ar\/sitio\/wp-content\/uploads\/2021\/09\/Caratula-Biologia-scaled.jpg 1810w\" sizes=\"(max-width: 1344px) 100vw, 1344px\" \/><\/a><\/figure>\n<\/div>\n\n\n\n<div class=\"wp-block-column is-layout-flow\">\n<figure class=\"wp-block-image size-large is-resized\"><a href=\"https:\/\/drive.google.com\/file\/d\/1omw9mjXwWVTICDzB7-stPCJEWNNnJ2Ls\/view?usp=sharing\" target=\"_blank\" rel=\"noopener\"><img decoding=\"async\" loading=\"lazy\" src=\"https:\/\/ens9002-infd.mendoza.edu.ar\/sitio\/wp-content\/uploads\/2021\/09\/Caratula-PEP-1344x1900.jpg\" alt=\"\" class=\"wp-image-9143\" width=\"319\" height=\"450\" srcset=\"https:\/\/ens9002-infd.mendoza.edu.ar\/sitio\/wp-content\/uploads\/2021\/09\/Caratula-PEP-1344x1900.jpg 1344w, https:\/\/ens9002-infd.mendoza.edu.ar\/sitio\/wp-content\/uploads\/2021\/09\/Caratula-PEP-707x1000.jpg 707w, https:\/\/ens9002-infd.mendoza.edu.ar\/sitio\/wp-content\/uploads\/2021\/09\/Caratula-PEP-768x1086.jpg 768w, https:\/\/ens9002-infd.mendoza.edu.ar\/sitio\/wp-content\/uploads\/2021\/09\/Caratula-PEP-1086x1536.jpg 1086w, https:\/\/ens9002-infd.mendoza.edu.ar\/sitio\/wp-content\/uploads\/2021\/09\/Caratula-PEP-1448x2048.jpg 1448w, https:\/\/ens9002-infd.mendoza.edu.ar\/sitio\/wp-content\/uploads\/2021\/09\/Caratula-PEP-scaled.jpg 1810w\" sizes=\"(max-width: 319px) 100vw, 319px\" \/><\/a><figcaption>  <\/figcaption><\/figure>\n\n\n\n<figure class=\"wp-block-image size-large is-resized\"><a href=\"https:\/\/drive.google.com\/file\/d\/1gTqnjS5w-sMXrwUqzwIW_iZd554edQQc\/view\" target=\"_blank\" rel=\"noopener\"><img decoding=\"async\" loading=\"lazy\" src=\"https:\/\/ens9002-infd.mendoza.edu.ar\/sitio\/wp-content\/uploads\/2021\/09\/Caratula-Matematica-1344x1900.jpg\" alt=\"\" class=\"wp-image-9140\" width=\"320\" height=\"452\" srcset=\"https:\/\/ens9002-infd.mendoza.edu.ar\/sitio\/wp-content\/uploads\/2021\/09\/Caratula-Matematica-1344x1900.jpg 1344w, https:\/\/ens9002-infd.mendoza.edu.ar\/sitio\/wp-content\/uploads\/2021\/09\/Caratula-Matematica-707x1000.jpg 707w, https:\/\/ens9002-infd.mendoza.edu.ar\/sitio\/wp-content\/uploads\/2021\/09\/Caratula-Matematica-768x1086.jpg 768w, https:\/\/ens9002-infd.mendoza.edu.ar\/sitio\/wp-content\/uploads\/2021\/09\/Caratula-Matematica-1086x1536.jpg 1086w, https:\/\/ens9002-infd.mendoza.edu.ar\/sitio\/wp-content\/uploads\/2021\/09\/Caratula-Matematica-1448x2048.jpg 1448w, https:\/\/ens9002-infd.mendoza.edu.ar\/sitio\/wp-content\/uploads\/2021\/09\/Caratula-Matematica-scaled.jpg 1810w\" sizes=\"(max-width: 320px) 100vw, 320px\" \/><\/a><\/figure>\n\n\n\n<figure class=\"wp-block-image size-large\"><a href=\"https:\/\/drive.google.com\/file\/d\/1PTJQ6AnKeygaath30FsfEmaw4FoNOxga\/view?usp=sharing\"><img decoding=\"async\" loading=\"lazy\" width=\"1344\" height=\"1900\" src=\"https:\/\/ens9002-infd.mendoza.edu.ar\/sitio\/wp-content\/uploads\/2021\/09\/Caratula-Artes-Visuales-1344x1900.jpg\" alt=\"\" class=\"wp-image-9137\" srcset=\"https:\/\/ens9002-infd.mendoza.edu.ar\/sitio\/wp-content\/uploads\/2021\/09\/Caratula-Artes-Visuales-1344x1900.jpg 1344w, https:\/\/ens9002-infd.mendoza.edu.ar\/sitio\/wp-content\/uploads\/2021\/09\/Caratula-Artes-Visuales-707x1000.jpg 707w, https:\/\/ens9002-infd.mendoza.edu.ar\/sitio\/wp-content\/uploads\/2021\/09\/Caratula-Artes-Visuales-768x1086.jpg 768w, https:\/\/ens9002-infd.mendoza.edu.ar\/sitio\/wp-content\/uploads\/2021\/09\/Caratula-Artes-Visuales-1086x1536.jpg 1086w, https:\/\/ens9002-infd.mendoza.edu.ar\/sitio\/wp-content\/uploads\/2021\/09\/Caratula-Artes-Visuales-1448x2048.jpg 1448w, https:\/\/ens9002-infd.mendoza.edu.ar\/sitio\/wp-content\/uploads\/2021\/09\/Caratula-Artes-Visuales-scaled.jpg 1810w\" sizes=\"(max-width: 1344px) 100vw, 1344px\" \/><\/a><\/figure>\n<\/div>\n<\/div>\n","protected":false},"excerpt":{"rendered":"<p>CUADERNILLO II | ESTACI\u00d3N III | Deb\u00e9s acceder SOLO al que corresponde a tu carrera &#8211; Hac\u00e9 clic en la imagen para descargar Los cuadernillos, correspondientes a la Estaci\u00f3n III, presentan producciones pedag\u00f3gicas que te permitir\u00e1n prepararte para la evaluaci\u00f3n de ingreso a la carrera elegida. Aclaraciones:\u2022 Deber\u00e1s trabajarlos de manera aut\u00f3noma y autogestiva.\u2022 Los &#8230; <a title=\"Cuadernillo 2022\" class=\"read-more\" href=\"https:\/\/ens9002-infd.mendoza.edu.ar\/sitio\/cuadernillo-2022\/\" aria-label=\"More on Cuadernillo 2022\">[+]<\/a><\/p>\n","protected":false},"author":4776,"featured_media":0,"parent":0,"menu_order":0,"comment_status":"closed","ping_status":"closed","template":"","meta":[],"acf":[],"_links":{"self":[{"href":"https:\/\/ens9002-infd.mendoza.edu.ar\/sitio\/wp-json\/wp\/v2\/pages\/9172"}],"collection":[{"href":"https:\/\/ens9002-infd.mendoza.edu.ar\/sitio\/wp-json\/wp\/v2\/pages"}],"about":[{"href":"https:\/\/ens9002-infd.mendoza.edu.ar\/sitio\/wp-json\/wp\/v2\/types\/page"}],"author":[{"embeddable":true,"href":"https:\/\/ens9002-infd.mendoza.edu.ar\/sitio\/wp-json\/wp\/v2\/users\/4776"}],"replies":[{"embeddable":true,"href":"https:\/\/ens9002-infd.mendoza.edu.ar\/sitio\/wp-json\/wp\/v2\/comments?post=9172"}],"version-history":[{"count":19,"href":"https:\/\/ens9002-infd.mendoza.edu.ar\/sitio\/wp-json\/wp\/v2\/pages\/9172\/revisions"}],"predecessor-version":[{"id":9239,"href":"https:\/\/ens9002-infd.mendoza.edu.ar\/sitio\/wp-json\/wp\/v2\/pages\/9172\/revisions\/9239"}],"wp:attachment":[{"href":"https:\/\/ens9002-infd.mendoza.edu.ar\/sitio\/wp-json\/wp\/v2\/media?parent=9172"}],"curies":[{"name":"wp","href":"https:\/\/api.w.org\/{rel}","templated":true}]}}